{"id":4933,"date":"2021-09-16T09:04:51","date_gmt":"2021-09-16T09:04:51","guid":{"rendered":"https:\/\/coterena.es\/shop\/?page_id=4933"},"modified":"2023-04-12T06:03:29","modified_gmt":"2023-04-12T06:03:29","slug":"politica-de-privacidad","status":"publish","type":"page","link":"https:\/\/coterena.es\/shop\/politica-de-privacidad\/","title":{"rendered":"Pol\u00edtica de privacidad"},"content":{"rendered":"\t\t<div data-elementor-type=\"wp-page\" data-elementor-id=\"4933\" class=\"elementor elementor-4933\" data-elementor-post-type=\"page\">\n\t\t\t\t\t\t\t\t\t<section class=\"ob-is-breaking-bad elementor-section elementor-top-section elementor-element elementor-element-5abe7d1 elementor-section-content-middle elementor-section-boxed elementor-section-height-default elementor-section-height-default\" data-id=\"5abe7d1\" data-element_type=\"section\" data-settings=\"{&quot;background_background&quot;:&quot;classic&quot;,&quot;_ob_bbad_use_it&quot;:&quot;yes&quot;,&quot;_ob_bbad_sssic_use&quot;:&quot;no&quot;,&quot;_ob_glider_is_slider&quot;:&quot;no&quot;}\">\n\t\t\t\t\t\t\t<div class=\"elementor-background-overlay\"><\/div>\n\t\t\t\t\t\t\t<div class=\"elementor-container elementor-column-gap-no\">\n\t\t\t\t\t<div class=\"elementor-column elementor-col-100 elementor-top-column elementor-element elementor-element-6ac3d3c\" data-id=\"6ac3d3c\" data-element_type=\"column\" data-settings=\"{&quot;_ob_bbad_is_stalker&quot;:&quot;no&quot;,&quot;_ob_teleporter_use&quot;:false,&quot;_ob_column_hoveranimator&quot;:&quot;no&quot;,&quot;_ob_column_has_pseudo&quot;:&quot;no&quot;}\">\n\t\t\t<div class=\"elementor-widget-wrap elementor-element-populated\">\n\t\t\t\t\t\t\t\t<div class=\"elementor-element elementor-element-7988e29 ob-harakiri-inherit ob-has-background-overlay elementor-widget elementor-widget-heading\" data-id=\"7988e29\" data-element_type=\"widget\" data-settings=\"{&quot;_ob_use_harakiri&quot;:&quot;yes&quot;,&quot;_ob_harakiri_writing_mode&quot;:&quot;inherit&quot;,&quot;_ob_harakiri_text_clip&quot;:&quot;none&quot;,&quot;_ob_perspektive_use&quot;:&quot;no&quot;,&quot;_ob_poopart_use&quot;:&quot;yes&quot;,&quot;_ob_shadough_use&quot;:&quot;no&quot;,&quot;_ob_allow_hoveranimator&quot;:&quot;no&quot;,&quot;_ob_widget_stalker_use&quot;:&quot;no&quot;}\" data-widget_type=\"heading.default\">\n\t\t\t\t<div class=\"elementor-widget-container\">\n\t\t\t<style>\/*! elementor - v3.17.0 - 08-11-2023 *\/\n.elementor-heading-title{padding:0;margin:0;line-height:1}.elementor-widget-heading .elementor-heading-title[class*=elementor-size-]>a{color:inherit;font-size:inherit;line-height:inherit}.elementor-widget-heading .elementor-heading-title.elementor-size-small{font-size:15px}.elementor-widget-heading .elementor-heading-title.elementor-size-medium{font-size:19px}.elementor-widget-heading .elementor-heading-title.elementor-size-large{font-size:29px}.elementor-widget-heading .elementor-heading-title.elementor-size-xl{font-size:39px}.elementor-widget-heading .elementor-heading-title.elementor-size-xxl{font-size:59px}<\/style><h1 class=\"elementor-heading-title elementor-size-default\">Aviso Legal y Pol\u00edtica de Privacidad<\/h1>\t\t<\/div>\n\t\t\t\t<\/div>\n\t\t\t\t<div class=\"elementor-element elementor-element-2fc7e27 elementor-widget-divider--view-line ob-has-background-overlay elementor-widget elementor-widget-divider\" data-id=\"2fc7e27\" data-element_type=\"widget\" data-settings=\"{&quot;_ob_perspektive_use&quot;:&quot;no&quot;,&quot;_ob_poopart_use&quot;:&quot;yes&quot;,&quot;_ob_shadough_use&quot;:&quot;no&quot;,&quot;_ob_allow_hoveranimator&quot;:&quot;no&quot;,&quot;_ob_widget_stalker_use&quot;:&quot;no&quot;}\" data-widget_type=\"divider.default\">\n\t\t\t\t<div class=\"elementor-widget-container\">\n\t\t\t<style>\/*! elementor - v3.17.0 - 08-11-2023 *\/\n.elementor-widget-divider{--divider-border-style:none;--divider-border-width:1px;--divider-color:#0c0d0e;--divider-icon-size:20px;--divider-element-spacing:10px;--divider-pattern-height:24px;--divider-pattern-size:20px;--divider-pattern-url:none;--divider-pattern-repeat:repeat-x}.elementor-widget-divider .elementor-divider{display:flex}.elementor-widget-divider .elementor-divider__text{font-size:15px;line-height:1;max-width:95%}.elementor-widget-divider .elementor-divider__element{margin:0 var(--divider-element-spacing);flex-shrink:0}.elementor-widget-divider .elementor-icon{font-size:var(--divider-icon-size)}.elementor-widget-divider .elementor-divider-separator{display:flex;margin:0;direction:ltr}.elementor-widget-divider--view-line_icon .elementor-divider-separator,.elementor-widget-divider--view-line_text .elementor-divider-separator{align-items:center}.elementor-widget-divider--view-line_icon .elementor-divider-separator:after,.elementor-widget-divider--view-line_icon .elementor-divider-separator:before,.elementor-widget-divider--view-line_text .elementor-divider-separator:after,.elementor-widget-divider--view-line_text .elementor-divider-separator:before{display:block;content:\"\";border-bottom:0;flex-grow:1;border-top:var(--divider-border-width) var(--divider-border-style) var(--divider-color)}.elementor-widget-divider--element-align-left .elementor-divider .elementor-divider-separator>.elementor-divider__svg:first-of-type{flex-grow:0;flex-shrink:100}.elementor-widget-divider--element-align-left .elementor-divider-separator:before{content:none}.elementor-widget-divider--element-align-left .elementor-divider__element{margin-left:0}.elementor-widget-divider--element-align-right .elementor-divider .elementor-divider-separator>.elementor-divider__svg:last-of-type{flex-grow:0;flex-shrink:100}.elementor-widget-divider--element-align-right .elementor-divider-separator:after{content:none}.elementor-widget-divider--element-align-right .elementor-divider__element{margin-right:0}.elementor-widget-divider:not(.elementor-widget-divider--view-line_text):not(.elementor-widget-divider--view-line_icon) .elementor-divider-separator{border-top:var(--divider-border-width) var(--divider-border-style) var(--divider-color)}.elementor-widget-divider--separator-type-pattern{--divider-border-style:none}.elementor-widget-divider--separator-type-pattern.elementor-widget-divider--view-line .elementor-divider-separator,.elementor-widget-divider--separator-type-pattern:not(.elementor-widget-divider--view-line) .elementor-divider-separator:after,.elementor-widget-divider--separator-type-pattern:not(.elementor-widget-divider--view-line) .elementor-divider-separator:before,.elementor-widget-divider--separator-type-pattern:not([class*=elementor-widget-divider--view]) .elementor-divider-separator{width:100%;min-height:var(--divider-pattern-height);-webkit-mask-size:var(--divider-pattern-size) 100%;mask-size:var(--divider-pattern-size) 100%;-webkit-mask-repeat:var(--divider-pattern-repeat);mask-repeat:var(--divider-pattern-repeat);background-color:var(--divider-color);-webkit-mask-image:var(--divider-pattern-url);mask-image:var(--divider-pattern-url)}.elementor-widget-divider--no-spacing{--divider-pattern-size:auto}.elementor-widget-divider--bg-round{--divider-pattern-repeat:round}.rtl .elementor-widget-divider .elementor-divider__text{direction:rtl}.e-con-inner>.elementor-widget-divider,.e-con>.elementor-widget-divider{width:var(--container-widget-width,100%);--flex-grow:var(--container-widget-flex-grow)}<\/style>\t\t<div class=\"elementor-divider\">\n\t\t\t<span class=\"elementor-divider-separator\">\n\t\t\t\t\t\t<\/span>\n\t\t<\/div>\n\t\t\t\t<\/div>\n\t\t\t\t<\/div>\n\t\t\t\t\t<\/div>\n\t\t<\/div>\n\t\t\t\t\t\t\t<\/div>\n\t\t<\/section>\n\t\t\t\t<section class=\"ob-is-breaking-bad elementor-section elementor-top-section elementor-element elementor-element-0ad782f elementor-section-boxed elementor-section-height-default elementor-section-height-default\" data-id=\"0ad782f\" data-element_type=\"section\" data-settings=\"{&quot;_ob_bbad_use_it&quot;:&quot;yes&quot;,&quot;_ob_bbad_sssic_use&quot;:&quot;no&quot;,&quot;_ob_glider_is_slider&quot;:&quot;no&quot;}\">\n\t\t\t\t\t\t<div class=\"elementor-container elementor-column-gap-default\">\n\t\t\t\t\t<div class=\"elementor-column elementor-col-100 elementor-top-column elementor-element elementor-element-323abeb\" data-id=\"323abeb\" data-element_type=\"column\" data-settings=\"{&quot;_ob_bbad_is_stalker&quot;:&quot;no&quot;,&quot;_ob_teleporter_use&quot;:false,&quot;_ob_column_hoveranimator&quot;:&quot;no&quot;,&quot;_ob_column_has_pseudo&quot;:&quot;no&quot;}\">\n\t\t\t<div class=\"elementor-widget-wrap elementor-element-populated\">\n\t\t\t\t\t\t\t\t<div class=\"elementor-element elementor-element-b20fc75 ob-harakiri-inherit ob-has-background-overlay elementor-widget elementor-widget-heading\" data-id=\"b20fc75\" data-element_type=\"widget\" data-settings=\"{&quot;_ob_use_harakiri&quot;:&quot;yes&quot;,&quot;_ob_harakiri_writing_mode&quot;:&quot;inherit&quot;,&quot;_ob_harakiri_text_clip&quot;:&quot;none&quot;,&quot;_ob_perspektive_use&quot;:&quot;no&quot;,&quot;_ob_poopart_use&quot;:&quot;yes&quot;,&quot;_ob_shadough_use&quot;:&quot;no&quot;,&quot;_ob_allow_hoveranimator&quot;:&quot;no&quot;,&quot;_ob_widget_stalker_use&quot;:&quot;no&quot;}\" data-widget_type=\"heading.default\">\n\t\t\t\t<div class=\"elementor-widget-container\">\n\t\t\t<h2 class=\"elementor-heading-title elementor-size-default\">AVISO LEGAL<\/h2>\t\t<\/div>\n\t\t\t\t<\/div>\n\t\t\t\t<div class=\"elementor-element elementor-element-5c989e4 ob-harakiri-inherit ob-has-background-overlay elementor-widget elementor-widget-text-editor\" data-id=\"5c989e4\" data-element_type=\"widget\" data-settings=\"{&quot;_ob_use_harakiri&quot;:&quot;yes&quot;,&quot;_ob_harakiri_writing_mode&quot;:&quot;inherit&quot;,&quot;_ob_postman_use&quot;:&quot;no&quot;,&quot;_ob_perspektive_use&quot;:&quot;no&quot;,&quot;_ob_poopart_use&quot;:&quot;yes&quot;,&quot;_ob_shadough_use&quot;:&quot;no&quot;,&quot;_ob_allow_hoveranimator&quot;:&quot;no&quot;,&quot;_ob_widget_stalker_use&quot;:&quot;no&quot;}\" data-widget_type=\"text-editor.default\">\n\t\t\t\t<div class=\"elementor-widget-container\">\n\t\t\t<style>\/*! elementor - v3.17.0 - 08-11-2023 *\/\n.elementor-widget-text-editor.elementor-drop-cap-view-stacked .elementor-drop-cap{background-color:#69727d;color:#fff}.elementor-widget-text-editor.elementor-drop-cap-view-framed .elementor-drop-cap{color:#69727d;border:3px solid;background-color:transparent}.elementor-widget-text-editor:not(.elementor-drop-cap-view-default) .elementor-drop-cap{margin-top:8px}.elementor-widget-text-editor:not(.elementor-drop-cap-view-default) .elementor-drop-cap-letter{width:1em;height:1em}.elementor-widget-text-editor .elementor-drop-cap{float:left;text-align:center;line-height:1;font-size:50px}.elementor-widget-text-editor .elementor-drop-cap-letter{display:inline-block}<\/style>\t\t\t\t<p><strong>COTERENA, S.L.U.<\/strong> en cumplimiento de la Ley 34\/2002, de 11 de julio, de Servicios de la Sociedad de la Informaci\u00f3n y de Comercio Electr\u00f3nico, le informa:<\/p><p>&#8211; Su denominaci\u00f3n social es COTERENA, S.L.U.<\/p><p>&#8211; Su NIF es B36701530<\/p><p>&#8211; Su domicilio se ubica en Muelle De Reparaciones De Bouzas, S\/n, 36208, Vigo (Pontevedra) Espa\u00f1a<\/p><p>&#8211; Su tel\u00e9fono de contacto es 986 238 767<\/p><p>&#8211; Est\u00e1 inscrita en el Registro Mercantil\u2026\u2026\u2026\u2026\u2026\u2026\u2026\u2026\u2026\u2026\u2026\u2026\u2026\u2026\u2026\u2026\u2026\u2026\u2026\u2026\u2026\u2026<\/p><p>&#8211; Y dispone de la siguiente direcci\u00f3n de correo electr\u00f3nico de contacto coterena@coterena.es<\/p><p>\u00a0<\/p><p><strong>PROTECCI\u00d3N DE DATOS PERSONALES<\/strong><\/p><p>Los datos personales vinculados a esta web respetan las exigencias del Reglamento (UE) 2016\/679 del Parlamento Europeo y del Consejo de 27 de abril de 2016 relativo a la protecci\u00f3n de las personas f\u00edsicas en lo que respecta al tratamiento de datos personales y a la libre circulaci\u00f3n de estos datos, la LOPDGDD 3\/2018 y dem\u00e1s legislaci\u00f3n y normativa vigente en materia de protecci\u00f3n de datos.<\/p><p><strong>\u00a0<\/strong><\/p><p><strong>\u00bfQui\u00e9n es el Responsable del tratamiento?<\/strong><\/p><p>COTERENA, S.L.U.<\/p><p>NIF: B36701530<\/p><p>Direcci\u00f3n: Muelle De Reparaciones De Bouzas, S\/n, 36208, Vigo (Pontevedra) Espa\u00f1a<\/p><p>Tel\u00e9fono:\u00a0 986 238 767<\/p><p>Correo electr\u00f3nico: coterena@coterena.es<\/p><p>\u00a0<\/p><p><strong>\u00a0\u00bfCon que finalidad y legitimaci\u00f3n tratamos sus datos personales y durante cu\u00e1nto tiempo los conservaremos?<\/strong><\/p><p>De acuerdo con las distintas secciones de nuestra web, tratamos sus datos con las siguientes finalidades:<\/p><ol><li>Datos de las personas que contactan a trav\u00e9s de los diferentes medios de contacto habilitados en la web. Trataremos sus datos para gestionar y atender sus solicitudes de informaci\u00f3n, dudas, consultas, sugerencias o quejas. Podemos tratar sus datos con esta finalidad porque tenemos un inter\u00e9s leg\u00edtimo en atender a las comunicaciones necesarias para llevar a cabo nuestra actividad y los conservaremos durante el tiempo necesario para cumplir con las finalidades indicadas.<\/li><li>Datos de las personas que solicitan un presupuesto a trav\u00e9s de la p\u00e1gina web. Tratemos sus datos para tramitar y emitirle los presupuestos solicitados. Podemos tratar sus datos con esta finalidad porque existe una relaci\u00f3n precontractual y se conservar\u00e1n s\u00ed el presupuesto es aceptado, hasta la finalizaci\u00f3n del plazo de prescripci\u00f3n de las acciones que puedan derivarse de la relaci\u00f3n contractual y, s\u00ed el presupuesto no es aceptado durante el plazo de validez de este.<\/li><li>Datos de las personas que solicitan una oferta para sus productos a trav\u00e9s de la p\u00e1gina web. Trataremos sus datos para emitirle la oferta solicitada y en caso de ser aceptada para gestionar la relaci\u00f3n contractual (incluy\u00e9ndose la gesti\u00f3n administrativa, contable y fiscal). Podemos tratar sus datos con esta finalidad porque existe una relaci\u00f3n precontractual y\/o una relaci\u00f3n contractual si se formaliza la oferta. Sus datos se conservar\u00e1n durante el tiempo necesario para cumplir con las finalidades indicadas y en caso de formalizarse la relaci\u00f3n contractual hasta la finalizaci\u00f3n del plazo de prescripci\u00f3n de las acciones que puedan derivarse de esa relaci\u00f3n contractual.<\/li><\/ol><p>\u00a0<\/p><p><strong>\u00bfExiste obligaci\u00f3n de facilitar los datos?<\/strong><\/p><p>Los datos de las personas que solicitan un presupuesto o una oferta para sus productos son necesarios para formalizar la relaci\u00f3n, de lo contrario no se podr\u00e1 emitir el correspondiente presupuesto u oferta y ejecutar la relaci\u00f3n contractual.<\/p><p>\u00a0<\/p><p><strong>\u00a0\u00bfA qu\u00e9 destinatarios se comunicar\u00e1n sus datos? <\/strong><\/p><ol><li>Los datos de las personas que contactan con nosotros o solicitan un presupuesto mediante la web no se van a ceder a terceros.<\/li><li>Los datos de las personas que solicitan una oferta sobre sus productos, en caso de que se formalice la relaci\u00f3n contractual se comunicar\u00e1n:<ol><li>A la Administraci\u00f3n Tributaria los datos personales del cliente que sean necesarios, con el fin de dar cumplimiento a las obligaciones legales con dicha Administraci\u00f3n.<\/li><li>A las entidades bancarias que nos comunique con la finalidad de poder realizarle los pagos acordados.<\/li><li>A compa\u00f1\u00edas aseguradoras, Juzgados y Tribunales, los datos que sean necesarios para el cobro\/abono de indemnizaciones o para la atenci\u00f3n del ejercicio o defensa de reclamaciones.<\/li><\/ol><\/li><\/ol><p>En todos los casos se comunicar\u00e1n sus datos a nuestros encargados de tratamiento cuando sea necesario para la correcta prestaci\u00f3n de los servicios contratados a los mismos.<\/p><p><strong>\u00a0\u00bfSe realizan Transferencias Internacionales de datos? <\/strong><\/p><p>No se van a realizar Transferencias Internacionales de datos.<\/p><p>\u00a0<\/p><p><strong>\u00a0\u00bfCu\u00e1les son sus derechos cuando nos facilita sus datos personales? <\/strong><\/p><p>&#8211; Acceso: derecho a obtener confirmaci\u00f3n sobre si estamos tratando datos personales suyos o no, a saber, cu\u00e1les son, para que se usan, cuanto tiempo se van a guardar, el origen de estos y si se han comunicado o se van a comunicar a un tercero.<\/p><p>&#8211; Rectificaci\u00f3n: derecho a solicitar la rectificaci\u00f3n de los datos inexactos y a que se completen los datos personales incompletos.<\/p><p>&#8211; Supresi\u00f3n: derecho a solicitar la supresi\u00f3n de los datos de car\u00e1cter personal cuando sean inadecuados, excesivos o ya no sean necesarios para los fines para los que fueron recogidos, incluido el derecho al olvido.<\/p><p>&#8211; Oposici\u00f3n: derecho a oponerse, en determinadas circunstancias, a que se realice el tratamiento de sus datos personales o a solicitar que se cese en el tratamiento.<\/p><p>&#8211; Limitaci\u00f3n del Tratamiento: derecho a solicitar, en las circunstancias establecidas legalmente, que no se traten sus datos m\u00e1s all\u00e1 de la mera conservaci\u00f3n de estos.<\/p><p>&#8211; Portabilidad: derecho a recibir los datos de car\u00e1cter personal en un formato estructurado, de uso com\u00fan y lectura mec\u00e1nica, y poder transmitirlos a otro responsable, siempre que sea t\u00e9cnicamente posible.<\/p><p>&#8211; Derecho a retirar el consentimiento: puede retirar su consentimiento en cualquier momento y, si lo retira, los tratamientos que se hayan realizado con anterioridad continuar\u00e1n siendo v\u00e1lidos.<\/p><p>\u00a0<\/p><p><strong>\u00bfD\u00f3nde podr\u00e1 ejercitar sus derechos? <\/strong><\/p><p>El ejercicio de derechos deber\u00e1 efectuarse por escrito dirigi\u00e9ndose a la direcci\u00f3n o al correo electr\u00f3nico indicados al inicio de esta pol\u00edtica.\u00a0 COTERENA, S.L.U. pone a su disposici\u00f3n modelos para la realizaci\u00f3n del ejercicio de derechos que pueden recogerse en la direcci\u00f3n o en el correo electr\u00f3nico anteriormente indicados. Para m\u00e1s informaci\u00f3n: www.aepd.es.<\/p><p>\u00a0<\/p><p><strong>\u00bfDerecho de reclamaci\u00f3n ante la Autoridad de Control? <\/strong><\/p><p>En el caso de que no se hayan respetado sus derechos puede presentar una reclamaci\u00f3n dirigi\u00e9ndose por escrito a la Agencia Espa\u00f1ola de Protecci\u00f3n de Datos sita en la calle Jorge Juan, 6-28001-Madrid o utilizar la sede electr\u00f3nica: https:\/\/sedeagpd.gob. En ambos casos, deber\u00e1 acompa\u00f1ar la documentaci\u00f3n pertinente.<\/p>\t\t\t\t\t\t<\/div>\n\t\t\t\t<\/div>\n\t\t\t\t\t<\/div>\n\t\t<\/div>\n\t\t\t\t\t\t\t<\/div>\n\t\t<\/section>\n\t\t\t\t\t\t\t<\/div>\n\t\t","protected":false},"excerpt":{"rendered":"<p>Aviso Legal y Pol\u00edtica de Privacidad AVISO LEGAL COTERENA, S.L.U. en cumplimiento de la Ley 34\/2002, de 11 de julio, de Servicios de la Sociedad de la Informaci\u00f3n y de Comercio Electr\u00f3nico, le informa: &#8211; Su denominaci\u00f3n social es COTERENA, S.L.U. &#8211; Su NIF es B36701530 &#8211; Su domicilio se ubica en Muelle De Reparaciones [&hellip;]<\/p>\n","protected":false},"author":3,"featured_media":0,"parent":0,"menu_order":0,"comment_status":"closed","ping_status":"closed","template":"","meta":{"footnotes":""},"acf":[],"lang":"es","translations":{"es":4933,"en":6897,"fr":7100},"pll_sync_post":[],"_links":{"self":[{"href":"https:\/\/coterena.es\/shop\/wp-json\/wp\/v2\/pages\/4933"}],"collection":[{"href":"https:\/\/coterena.es\/shop\/wp-json\/wp\/v2\/pages"}],"about":[{"href":"https:\/\/coterena.es\/shop\/wp-json\/wp\/v2\/types\/page"}],"author":[{"embeddable":true,"href":"https:\/\/coterena.es\/shop\/wp-json\/wp\/v2\/users\/3"}],"replies":[{"embeddable":true,"href":"https:\/\/coterena.es\/shop\/wp-json\/wp\/v2\/comments?post=4933"}],"version-history":[{"count":23,"href":"https:\/\/coterena.es\/shop\/wp-json\/wp\/v2\/pages\/4933\/revisions"}],"predecessor-version":[{"id":15127,"href":"https:\/\/coterena.es\/shop\/wp-json\/wp\/v2\/pages\/4933\/revisions\/15127"}],"wp:attachment":[{"href":"https:\/\/coterena.es\/shop\/wp-json\/wp\/v2\/media?parent=4933"}],"curies":[{"name":"wp","href":"https:\/\/api.w.org\/{rel}","templated":true}]}}