{"id":7110,"date":"2021-09-16T09:06:44","date_gmt":"2021-09-16T09:06:44","guid":{"rendered":"https:\/\/coterena.es\/shop\/?page_id=7110"},"modified":"2023-04-12T06:06:36","modified_gmt":"2023-04-12T06:06:36","slug":"politique-integree","status":"publish","type":"page","link":"https:\/\/coterena.es\/shop\/politique-integree\/","title":{"rendered":"Politique int\u00e9gr\u00e9e"},"content":{"rendered":"\t\t<div data-elementor-type=\"wp-page\" data-elementor-id=\"7110\" class=\"elementor elementor-7110\" data-elementor-post-type=\"page\">\n\t\t\t\t\t\t\t\t\t<section class=\"ob-is-breaking-bad elementor-section elementor-top-section elementor-element elementor-element-0ec5f0b elementor-section-content-middle elementor-section-boxed elementor-section-height-default elementor-section-height-default\" data-id=\"0ec5f0b\" data-element_type=\"section\" data-settings=\"{&quot;background_background&quot;:&quot;classic&quot;,&quot;_ob_bbad_use_it&quot;:&quot;yes&quot;,&quot;_ob_bbad_sssic_use&quot;:&quot;no&quot;,&quot;_ob_glider_is_slider&quot;:&quot;no&quot;}\">\n\t\t\t\t\t\t\t<div class=\"elementor-background-overlay\"><\/div>\n\t\t\t\t\t\t\t<div class=\"elementor-container elementor-column-gap-no\">\n\t\t\t\t\t<div class=\"elementor-column elementor-col-100 elementor-top-column elementor-element elementor-element-c433060\" data-id=\"c433060\" data-element_type=\"column\" data-settings=\"{&quot;_ob_bbad_is_stalker&quot;:&quot;no&quot;,&quot;_ob_teleporter_use&quot;:false,&quot;_ob_column_hoveranimator&quot;:&quot;no&quot;,&quot;_ob_column_has_pseudo&quot;:&quot;no&quot;}\">\n\t\t\t<div class=\"elementor-widget-wrap elementor-element-populated\">\n\t\t\t\t\t\t\t\t<div class=\"elementor-element elementor-element-7f67296 ob-harakiri-inherit ob-has-background-overlay elementor-widget elementor-widget-heading\" data-id=\"7f67296\" data-element_type=\"widget\" data-settings=\"{&quot;_ob_use_harakiri&quot;:&quot;yes&quot;,&quot;_ob_harakiri_writing_mode&quot;:&quot;inherit&quot;,&quot;_ob_harakiri_text_clip&quot;:&quot;none&quot;,&quot;_ob_perspektive_use&quot;:&quot;no&quot;,&quot;_ob_poopart_use&quot;:&quot;yes&quot;,&quot;_ob_shadough_use&quot;:&quot;no&quot;,&quot;_ob_allow_hoveranimator&quot;:&quot;no&quot;,&quot;_ob_widget_stalker_use&quot;:&quot;no&quot;}\" data-widget_type=\"heading.default\">\n\t\t\t\t<div class=\"elementor-widget-container\">\n\t\t\t<style>\/*! elementor - v3.17.0 - 08-11-2023 *\/\n.elementor-heading-title{padding:0;margin:0;line-height:1}.elementor-widget-heading .elementor-heading-title[class*=elementor-size-]>a{color:inherit;font-size:inherit;line-height:inherit}.elementor-widget-heading .elementor-heading-title.elementor-size-small{font-size:15px}.elementor-widget-heading .elementor-heading-title.elementor-size-medium{font-size:19px}.elementor-widget-heading .elementor-heading-title.elementor-size-large{font-size:29px}.elementor-widget-heading .elementor-heading-title.elementor-size-xl{font-size:39px}.elementor-widget-heading .elementor-heading-title.elementor-size-xxl{font-size:59px}<\/style><h1 class=\"elementor-heading-title elementor-size-default\">Politique int\u00e9gr\u00e9e<\/h1>\t\t<\/div>\n\t\t\t\t<\/div>\n\t\t\t\t<div class=\"elementor-element elementor-element-8aae5e6 elementor-widget-divider--view-line ob-has-background-overlay elementor-widget elementor-widget-divider\" data-id=\"8aae5e6\" data-element_type=\"widget\" data-settings=\"{&quot;_ob_perspektive_use&quot;:&quot;no&quot;,&quot;_ob_poopart_use&quot;:&quot;yes&quot;,&quot;_ob_shadough_use&quot;:&quot;no&quot;,&quot;_ob_allow_hoveranimator&quot;:&quot;no&quot;,&quot;_ob_widget_stalker_use&quot;:&quot;no&quot;}\" data-widget_type=\"divider.default\">\n\t\t\t\t<div class=\"elementor-widget-container\">\n\t\t\t<style>\/*! elementor - v3.17.0 - 08-11-2023 *\/\n.elementor-widget-divider{--divider-border-style:none;--divider-border-width:1px;--divider-color:#0c0d0e;--divider-icon-size:20px;--divider-element-spacing:10px;--divider-pattern-height:24px;--divider-pattern-size:20px;--divider-pattern-url:none;--divider-pattern-repeat:repeat-x}.elementor-widget-divider .elementor-divider{display:flex}.elementor-widget-divider .elementor-divider__text{font-size:15px;line-height:1;max-width:95%}.elementor-widget-divider .elementor-divider__element{margin:0 var(--divider-element-spacing);flex-shrink:0}.elementor-widget-divider .elementor-icon{font-size:var(--divider-icon-size)}.elementor-widget-divider .elementor-divider-separator{display:flex;margin:0;direction:ltr}.elementor-widget-divider--view-line_icon .elementor-divider-separator,.elementor-widget-divider--view-line_text .elementor-divider-separator{align-items:center}.elementor-widget-divider--view-line_icon .elementor-divider-separator:after,.elementor-widget-divider--view-line_icon .elementor-divider-separator:before,.elementor-widget-divider--view-line_text .elementor-divider-separator:after,.elementor-widget-divider--view-line_text .elementor-divider-separator:before{display:block;content:\"\";border-bottom:0;flex-grow:1;border-top:var(--divider-border-width) var(--divider-border-style) var(--divider-color)}.elementor-widget-divider--element-align-left .elementor-divider .elementor-divider-separator>.elementor-divider__svg:first-of-type{flex-grow:0;flex-shrink:100}.elementor-widget-divider--element-align-left .elementor-divider-separator:before{content:none}.elementor-widget-divider--element-align-left .elementor-divider__element{margin-left:0}.elementor-widget-divider--element-align-right .elementor-divider .elementor-divider-separator>.elementor-divider__svg:last-of-type{flex-grow:0;flex-shrink:100}.elementor-widget-divider--element-align-right .elementor-divider-separator:after{content:none}.elementor-widget-divider--element-align-right .elementor-divider__element{margin-right:0}.elementor-widget-divider:not(.elementor-widget-divider--view-line_text):not(.elementor-widget-divider--view-line_icon) .elementor-divider-separator{border-top:var(--divider-border-width) var(--divider-border-style) var(--divider-color)}.elementor-widget-divider--separator-type-pattern{--divider-border-style:none}.elementor-widget-divider--separator-type-pattern.elementor-widget-divider--view-line .elementor-divider-separator,.elementor-widget-divider--separator-type-pattern:not(.elementor-widget-divider--view-line) .elementor-divider-separator:after,.elementor-widget-divider--separator-type-pattern:not(.elementor-widget-divider--view-line) .elementor-divider-separator:before,.elementor-widget-divider--separator-type-pattern:not([class*=elementor-widget-divider--view]) .elementor-divider-separator{width:100%;min-height:var(--divider-pattern-height);-webkit-mask-size:var(--divider-pattern-size) 100%;mask-size:var(--divider-pattern-size) 100%;-webkit-mask-repeat:var(--divider-pattern-repeat);mask-repeat:var(--divider-pattern-repeat);background-color:var(--divider-color);-webkit-mask-image:var(--divider-pattern-url);mask-image:var(--divider-pattern-url)}.elementor-widget-divider--no-spacing{--divider-pattern-size:auto}.elementor-widget-divider--bg-round{--divider-pattern-repeat:round}.rtl .elementor-widget-divider .elementor-divider__text{direction:rtl}.e-con-inner>.elementor-widget-divider,.e-con>.elementor-widget-divider{width:var(--container-widget-width,100%);--flex-grow:var(--container-widget-flex-grow)}<\/style>\t\t<div class=\"elementor-divider\">\n\t\t\t<span class=\"elementor-divider-separator\">\n\t\t\t\t\t\t<\/span>\n\t\t<\/div>\n\t\t\t\t<\/div>\n\t\t\t\t<\/div>\n\t\t\t\t\t<\/div>\n\t\t<\/div>\n\t\t\t\t\t\t\t<\/div>\n\t\t<\/section>\n\t\t\t\t<section class=\"ob-is-breaking-bad elementor-section elementor-top-section elementor-element elementor-element-6090c04 elementor-section-boxed elementor-section-height-default elementor-section-height-default\" data-id=\"6090c04\" data-element_type=\"section\" data-settings=\"{&quot;_ob_bbad_use_it&quot;:&quot;yes&quot;,&quot;_ob_bbad_sssic_use&quot;:&quot;no&quot;,&quot;_ob_glider_is_slider&quot;:&quot;no&quot;}\">\n\t\t\t\t\t\t<div class=\"elementor-container elementor-column-gap-default\">\n\t\t\t\t\t<div class=\"elementor-column elementor-col-100 elementor-top-column elementor-element elementor-element-26ab0c8\" data-id=\"26ab0c8\" data-element_type=\"column\" data-settings=\"{&quot;_ob_bbad_is_stalker&quot;:&quot;no&quot;,&quot;_ob_teleporter_use&quot;:false,&quot;_ob_column_hoveranimator&quot;:&quot;no&quot;,&quot;_ob_column_has_pseudo&quot;:&quot;no&quot;}\">\n\t\t\t<div class=\"elementor-widget-wrap elementor-element-populated\">\n\t\t\t\t\t\t\t\t<div class=\"elementor-element elementor-element-c755a7d ob-harakiri-inherit ob-has-background-overlay elementor-widget elementor-widget-heading\" data-id=\"c755a7d\" data-element_type=\"widget\" data-settings=\"{&quot;_ob_use_harakiri&quot;:&quot;yes&quot;,&quot;_ob_harakiri_writing_mode&quot;:&quot;inherit&quot;,&quot;_ob_harakiri_text_clip&quot;:&quot;none&quot;,&quot;_ob_perspektive_use&quot;:&quot;no&quot;,&quot;_ob_poopart_use&quot;:&quot;yes&quot;,&quot;_ob_shadough_use&quot;:&quot;no&quot;,&quot;_ob_allow_hoveranimator&quot;:&quot;no&quot;,&quot;_ob_widget_stalker_use&quot;:&quot;no&quot;}\" data-widget_type=\"heading.default\">\n\t\t\t\t<div class=\"elementor-widget-container\">\n\t\t\t<h2 class=\"elementor-heading-title elementor-size-default\">Politique en mati\u00e8re de qualit\u00e9, d'environnement et de sant\u00e9 et s\u00e9curit\u00e9 au travail<\/h2>\t\t<\/div>\n\t\t\t\t<\/div>\n\t\t\t\t<div class=\"elementor-element elementor-element-012519f ob-harakiri-inherit ob-has-background-overlay elementor-widget elementor-widget-text-editor\" data-id=\"012519f\" data-element_type=\"widget\" data-settings=\"{&quot;_ob_use_harakiri&quot;:&quot;yes&quot;,&quot;_ob_harakiri_writing_mode&quot;:&quot;inherit&quot;,&quot;_ob_postman_use&quot;:&quot;no&quot;,&quot;_ob_perspektive_use&quot;:&quot;no&quot;,&quot;_ob_poopart_use&quot;:&quot;yes&quot;,&quot;_ob_shadough_use&quot;:&quot;no&quot;,&quot;_ob_allow_hoveranimator&quot;:&quot;no&quot;,&quot;_ob_widget_stalker_use&quot;:&quot;no&quot;}\" data-widget_type=\"text-editor.default\">\n\t\t\t\t<div class=\"elementor-widget-container\">\n\t\t\t<style>\/*! elementor - v3.17.0 - 08-11-2023 *\/\n.elementor-widget-text-editor.elementor-drop-cap-view-stacked .elementor-drop-cap{background-color:#69727d;color:#fff}.elementor-widget-text-editor.elementor-drop-cap-view-framed .elementor-drop-cap{color:#69727d;border:3px solid;background-color:transparent}.elementor-widget-text-editor:not(.elementor-drop-cap-view-default) .elementor-drop-cap{margin-top:8px}.elementor-widget-text-editor:not(.elementor-drop-cap-view-default) .elementor-drop-cap-letter{width:1em;height:1em}.elementor-widget-text-editor .elementor-drop-cap{float:left;text-align:center;line-height:1;font-size:50px}.elementor-widget-text-editor .elementor-drop-cap-letter{display:inline-block}<\/style>\t\t\t\t<p>COTERENA a mis en place un Syst\u00e8me de Gestion de la Qualit\u00e9, de l&#8217;Environnement et de la S\u00e9curit\u00e9 au Travail, conform\u00e9ment aux normes UNE-EN-ISO 9001, ISO 14001 et ISO 45001, afin d&#8217;obtenir la satisfaction du client, le respect de l&#8217;environnement et la sant\u00e9 et la s\u00e9curit\u00e9 de ses travailleurs, en identifiant et en int\u00e9grant leurs besoins dans le d\u00e9veloppement de ses activit\u00e9s :<\/p><p>-Installation, r\u00e9paration, entretien et op\u00e9rations de transformation de moteurs \u00e0 combustion interne et autres \u00e9quipements m\u00e9caniques, hydrauliques et pneumatiques sur sites terrestres ou marins.<\/p><p>-Achat et vente de pi\u00e8ces d\u00e9tach\u00e9es.<\/p><p>-Services de surveillance de la puissance et des \u00e9missions ; traitement des donn\u00e9es pour l&#8217;efficacit\u00e9 \u00e9nerg\u00e9tique et m\u00e9canique ; enregistrement du bruit et des vibrations des structures et des \u00e9l\u00e9ments rotatifs.<\/p><p>-Op\u00e9rations de m\u00e9trologie industrielle, num\u00e9risation et contr\u00f4le g\u00e9om\u00e9trique 3D, traitement et analyse des nuages de points. R\u00e9troing\u00e9nierie pour l&#8217;analyse des \u00e9carts g\u00e9om\u00e9triques et mod\u00e9lisation 2D\/3D, normalisation, param\u00e9trage de mod\u00e8les AS-BUILT d&#8217;installations industrielles et navales, de pi\u00e8ces usin\u00e9es et de structures architecturales. Cr\u00e9ation d&#8217;environnements virtuels interactifs \u00e0 360\u00ba. Int\u00e9gration et d\u00e9veloppement de syst\u00e8mes web pour la gestion et la diffusion de l&#8217;information.<\/p><p>Dans ce contexte, COTERENA s&#8217;engage \u00e0 :<\/p><p>-Le respect des exigences l\u00e9gales et des autres exigences auxquelles l&#8217;organisation a souscrit, qui lui sont applicables dans les domaines de la qualit\u00e9, de l&#8217;environnement et de la SST.<\/p><p>-Le soin et la protection de l&#8217;environnement, y compris la pr\u00e9vention de la pollution, ainsi que l&#8217;utilisation et l&#8217;emploi de toutes les ressources n\u00e9cessaires pour minimiser les risques possibles d\u00e9riv\u00e9s de notre activit\u00e9.<\/p><p>-Offrir des conditions de travail s\u00fbres et saines pour pr\u00e9venir les blessures et la d\u00e9t\u00e9rioration de la sant\u00e9 li\u00e9es au travail, ainsi que l&#8217;engagement d&#8217;\u00e9liminer les dangers et de r\u00e9duire les risques pour la SST, en assumant \u00e9galement l&#8217;engagement de consultation et de participation des travailleurs et de leurs repr\u00e9sentants.<\/p><p>-L&#8217;\u00e9tablissement d&#8217;actions et d&#8217;objectifs d&#8217;am\u00e9lioration qui d\u00e9montrent les r\u00e9alisations de COTERENA, en utilisant cette politique comme r\u00e9f\u00e9rence et en axant le SGI sur l&#8217;am\u00e9lioration continue, en maintenant une formation, une information et une qualification ad\u00e9quates des personnes pour le d\u00e9veloppement des activit\u00e9s associ\u00e9es \u00e0 leur travail et en dotant l&#8217;organisation des ressources n\u00e9cessaires, tant \u00e9conomiques qu&#8217;humaines, pour que cela soit possible.<\/p><p>-La r\u00e9vision p\u00e9riodique du syst\u00e8me de gestion int\u00e9gr\u00e9e, ainsi que de la politique de qualit\u00e9, d&#8217;environnement et de sant\u00e9 et s\u00e9curit\u00e9 au travail, en vue de son adaptation continue.<\/p><p>Vigo, 20 juin 2021<\/p><p>\u00c1ngel Portas Gonz\u00e1lez<\/p><p>Management<\/p>\t\t\t\t\t\t<\/div>\n\t\t\t\t<\/div>\n\t\t\t\t\t<\/div>\n\t\t<\/div>\n\t\t\t\t\t\t\t<\/div>\n\t\t<\/section>\n\t\t\t\t\t\t\t<\/div>\n\t\t","protected":false},"excerpt":{"rendered":"<p>Politique int\u00e9gr\u00e9e Politique en mati\u00e8re de qualit\u00e9, d&#8217;environnement et de sant\u00e9 et s\u00e9curit\u00e9 au travail COTERENA a mis en place un Syst\u00e8me de Gestion de la Qualit\u00e9, de l&#8217;Environnement et de la S\u00e9curit\u00e9 au Travail, conform\u00e9ment aux normes UNE-EN-ISO 9001, ISO 14001 et ISO 45001, afin d&#8217;obtenir la satisfaction du client, le respect de l&#8217;environnement [&hellip;]<\/p>\n","protected":false},"author":3,"featured_media":0,"parent":0,"menu_order":0,"comment_status":"closed","ping_status":"closed","template":"","meta":{"footnotes":""},"acf":[],"lang":"fr","translations":{"fr":7110,"en":6899,"es":4936},"pll_sync_post":[],"_links":{"self":[{"href":"https:\/\/coterena.es\/shop\/wp-json\/wp\/v2\/pages\/7110"}],"collection":[{"href":"https:\/\/coterena.es\/shop\/wp-json\/wp\/v2\/pages"}],"about":[{"href":"https:\/\/coterena.es\/shop\/wp-json\/wp\/v2\/types\/page"}],"author":[{"embeddable":true,"href":"https:\/\/coterena.es\/shop\/wp-json\/wp\/v2\/users\/3"}],"replies":[{"embeddable":true,"href":"https:\/\/coterena.es\/shop\/wp-json\/wp\/v2\/comments?post=7110"}],"version-history":[{"count":14,"href":"https:\/\/coterena.es\/shop\/wp-json\/wp\/v2\/pages\/7110\/revisions"}],"predecessor-version":[{"id":15151,"href":"https:\/\/coterena.es\/shop\/wp-json\/wp\/v2\/pages\/7110\/revisions\/15151"}],"wp:attachment":[{"href":"https:\/\/coterena.es\/shop\/wp-json\/wp\/v2\/media?parent=7110"}],"curies":[{"name":"wp","href":"https:\/\/api.w.org\/{rel}","templated":true}]}}