{"id":10015,"date":"2022-06-10T08:50:38","date_gmt":"2022-06-10T08:50:38","guid":{"rendered":"https:\/\/coterena.es\/shop\/?post_type=product&#038;p=6068"},"modified":"2023-04-18T09:10:53","modified_gmt":"2023-04-18T09:10:53","slug":"ensemble-solenoide-caterpillar-7w-5967","status":"publish","type":"product","link":"https:\/\/coterena.es\/shop\/ensemble-solenoide-caterpillar-7w-5967\/","title":{"rendered":"Ensemble Sol\u00e9no\u00efde\u00a0CATERPILLAR 7W-5967"},"content":{"rendered":"<p>Ensemble Sol\u00e9no\u00efde CATERPILLAR 7W-5967 . Nouveau<\/p>\n<p>Num\u00e9ro de la pi\u00e9ce : 7W-5967<\/p>\n","protected":false},"excerpt":{"rendered":"<p>Ensemble Sol\u00e9no\u00efde CATERPILLAR 7W-5967 . Nouveau Num\u00e9ro de la pi\u00e9ce : 7W-5967<\/p>\n","protected":false},"featured_media":15664,"template":"","meta":[],"product_cat":[6929,6273],"product_tag":[],"modelo":[],"acf":[],"lang":"fr","translations":{"fr":10015,"es":6068,"en":10012},"pll_sync_post":[],"_links":{"self":[{"href":"https:\/\/coterena.es\/shop\/wp-json\/wp\/v2\/product\/10015"}],"collection":[{"href":"https:\/\/coterena.es\/shop\/wp-json\/wp\/v2\/product"}],"about":[{"href":"https:\/\/coterena.es\/shop\/wp-json\/wp\/v2\/types\/product"}],"wp:featuredmedia":[{"embeddable":true,"href":"https:\/\/coterena.es\/shop\/wp-json\/wp\/v2\/media\/15664"}],"wp:attachment":[{"href":"https:\/\/coterena.es\/shop\/wp-json\/wp\/v2\/media?parent=10015"}],"wp:term":[{"taxonomy":"product_cat","embeddable":true,"href":"https:\/\/coterena.es\/shop\/wp-json\/wp\/v2\/product_cat?post=10015"},{"taxonomy":"product_tag","embeddable":true,"href":"https:\/\/coterena.es\/shop\/wp-json\/wp\/v2\/product_tag?post=10015"},{"taxonomy":"modelo","embeddable":true,"href":"https:\/\/coterena.es\/shop\/wp-json\/wp\/v2\/modelo?post=10015"}],"curies":[{"name":"wp","href":"https:\/\/api.w.org\/{rel}","templated":true}]}}