{"id":10062,"date":"2022-06-10T08:33:05","date_gmt":"2022-06-10T08:33:05","guid":{"rendered":"https:\/\/coterena.es\/shop\/?post_type=product&#038;p=6056"},"modified":"2023-04-20T11:15:35","modified_gmt":"2023-04-20T11:15:35","slug":"capteur-de-temperature-caterpillar-102-7532","status":"publish","type":"product","link":"https:\/\/coterena.es\/shop\/capteur-de-temperature-caterpillar-102-7532\/","title":{"rendered":"Capteur de Temp\u00e9rature CATERPILLAR 102-7532"},"content":{"rendered":"<p>Capteur de Temp\u00e9rature CATERPILLAR 102-7532. Nouveau<\/p>\n<p>Num\u00e9ro de pi\u00e8ce: 102-7532<\/p>\n","protected":false},"excerpt":{"rendered":"<p>Capteur de Temp\u00e9rature CATERPILLAR 102-7532. Nouveau Num\u00e9ro de pi\u00e8ce: 102-7532<\/p>\n","protected":false},"featured_media":16022,"template":"","meta":[],"product_cat":[6929,6273],"product_tag":[],"modelo":[],"acf":[],"lang":"fr","translations":{"fr":10062,"es":6056,"en":10058},"pll_sync_post":[],"_links":{"self":[{"href":"https:\/\/coterena.es\/shop\/wp-json\/wp\/v2\/product\/10062"}],"collection":[{"href":"https:\/\/coterena.es\/shop\/wp-json\/wp\/v2\/product"}],"about":[{"href":"https:\/\/coterena.es\/shop\/wp-json\/wp\/v2\/types\/product"}],"wp:featuredmedia":[{"embeddable":true,"href":"https:\/\/coterena.es\/shop\/wp-json\/wp\/v2\/media\/16022"}],"wp:attachment":[{"href":"https:\/\/coterena.es\/shop\/wp-json\/wp\/v2\/media?parent=10062"}],"wp:term":[{"taxonomy":"product_cat","embeddable":true,"href":"https:\/\/coterena.es\/shop\/wp-json\/wp\/v2\/product_cat?post=10062"},{"taxonomy":"product_tag","embeddable":true,"href":"https:\/\/coterena.es\/shop\/wp-json\/wp\/v2\/product_tag?post=10062"},{"taxonomy":"modelo","embeddable":true,"href":"https:\/\/coterena.es\/shop\/wp-json\/wp\/v2\/modelo?post=10062"}],"curies":[{"name":"wp","href":"https:\/\/api.w.org\/{rel}","templated":true}]}}