{"id":10092,"date":"2022-06-09T10:57:24","date_gmt":"2022-06-09T10:57:24","guid":{"rendered":"https:\/\/coterena.es\/shop\/?post_type=product&#038;p=6040"},"modified":"2023-04-19T12:57:30","modified_gmt":"2023-04-19T12:57:30","slug":"capteur-de-temperature-caterpillar-106-0735","status":"publish","type":"product","link":"https:\/\/coterena.es\/shop\/capteur-de-temperature-caterpillar-106-0735\/","title":{"rendered":"Capteur de Temp\u00e9rature CATERPILLAR 106-0735"},"content":{"rendered":"<p>Capteur de Temp\u00e9rature CATERPILLAR 106-0735. Nouveau<\/p>\n<p>Num\u00e9ro de pi\u00e8ce : 106-0735<\/p>\n","protected":false},"excerpt":{"rendered":"<p>Capteur de Temp\u00e9rature CATERPILLAR 106-0735. Nouveau Num\u00e9ro de pi\u00e8ce : 106-0735<\/p>\n","protected":false},"featured_media":16013,"template":"","meta":[],"product_cat":[6965,6929,6273],"product_tag":[],"modelo":[],"acf":[],"lang":"fr","translations":{"fr":10092,"es":6040,"en":10088},"pll_sync_post":[],"_links":{"self":[{"href":"https:\/\/coterena.es\/shop\/wp-json\/wp\/v2\/product\/10092"}],"collection":[{"href":"https:\/\/coterena.es\/shop\/wp-json\/wp\/v2\/product"}],"about":[{"href":"https:\/\/coterena.es\/shop\/wp-json\/wp\/v2\/types\/product"}],"wp:featuredmedia":[{"embeddable":true,"href":"https:\/\/coterena.es\/shop\/wp-json\/wp\/v2\/media\/16013"}],"wp:attachment":[{"href":"https:\/\/coterena.es\/shop\/wp-json\/wp\/v2\/media?parent=10092"}],"wp:term":[{"taxonomy":"product_cat","embeddable":true,"href":"https:\/\/coterena.es\/shop\/wp-json\/wp\/v2\/product_cat?post=10092"},{"taxonomy":"product_tag","embeddable":true,"href":"https:\/\/coterena.es\/shop\/wp-json\/wp\/v2\/product_tag?post=10092"},{"taxonomy":"modelo","embeddable":true,"href":"https:\/\/coterena.es\/shop\/wp-json\/wp\/v2\/modelo?post=10092"}],"curies":[{"name":"wp","href":"https:\/\/api.w.org\/{rel}","templated":true}]}}