{"id":10100,"date":"2022-06-09T10:43:50","date_gmt":"2022-06-09T10:43:50","guid":{"rendered":"https:\/\/coterena.es\/shop\/?post_type=product&#038;p=6036"},"modified":"2023-04-19T08:07:49","modified_gmt":"2023-04-19T08:07:49","slug":"plaque-de-butee-caterpillar-101-1365","status":"publish","type":"product","link":"https:\/\/coterena.es\/shop\/plaque-de-butee-caterpillar-101-1365\/","title":{"rendered":"Plaque de but\u00e9e CATERPILLAR 101-1365"},"content":{"rendered":"<p>Plaque de but\u00e9e CATERPILLAR 101-1365. Nouveau<\/p>\n<p>Num\u00e9ro de pi\u00e8ce : 101-1365<\/p>\n","protected":false},"excerpt":{"rendered":"<p>Plaque de but\u00e9e CATERPILLAR 101-1365. Nouveau Num\u00e9ro de pi\u00e8ce : 101-1365<\/p>\n","protected":false},"featured_media":15943,"template":"","meta":[],"product_cat":[6273,7001],"product_tag":[],"modelo":[],"acf":[],"lang":"fr","translations":{"fr":10100,"es":6036,"en":10096},"pll_sync_post":[],"_links":{"self":[{"href":"https:\/\/coterena.es\/shop\/wp-json\/wp\/v2\/product\/10100"}],"collection":[{"href":"https:\/\/coterena.es\/shop\/wp-json\/wp\/v2\/product"}],"about":[{"href":"https:\/\/coterena.es\/shop\/wp-json\/wp\/v2\/types\/product"}],"wp:featuredmedia":[{"embeddable":true,"href":"https:\/\/coterena.es\/shop\/wp-json\/wp\/v2\/media\/15943"}],"wp:attachment":[{"href":"https:\/\/coterena.es\/shop\/wp-json\/wp\/v2\/media?parent=10100"}],"wp:term":[{"taxonomy":"product_cat","embeddable":true,"href":"https:\/\/coterena.es\/shop\/wp-json\/wp\/v2\/product_cat?post=10100"},{"taxonomy":"product_tag","embeddable":true,"href":"https:\/\/coterena.es\/shop\/wp-json\/wp\/v2\/product_tag?post=10100"},{"taxonomy":"modelo","embeddable":true,"href":"https:\/\/coterena.es\/shop\/wp-json\/wp\/v2\/modelo?post=10100"}],"curies":[{"name":"wp","href":"https:\/\/api.w.org\/{rel}","templated":true}]}}