{"id":10129,"date":"2022-06-09T09:57:41","date_gmt":"2022-06-09T09:57:41","guid":{"rendered":"https:\/\/coterena.es\/shop\/?post_type=product&#038;p=6021"},"modified":"2023-06-06T07:49:25","modified_gmt":"2023-06-06T07:49:25","slug":"joint-caterpillar-262-4378","status":"publish","type":"product","link":"https:\/\/coterena.es\/shop\/joint-caterpillar-262-4378\/","title":{"rendered":"Joint CATERPILLAR 262-4378"},"content":{"rendered":"<p>Joint CATERPILLAR 262-4378. Nouveau<\/p>\n<p>Num\u00e9ro de r\u00e9f\u00e9rence : 262-4378<\/p>\n","protected":false},"excerpt":{"rendered":"<p>Joint CATERPILLAR 262-4378. Nouveau Num\u00e9ro de r\u00e9f\u00e9rence : 262-4378<\/p>\n","protected":false},"featured_media":16614,"template":"","meta":[],"product_cat":[6281],"product_tag":[],"modelo":[],"acf":[],"lang":"fr","translations":{"fr":10129,"es":6021,"en":10124},"pll_sync_post":[],"_links":{"self":[{"href":"https:\/\/coterena.es\/shop\/wp-json\/wp\/v2\/product\/10129"}],"collection":[{"href":"https:\/\/coterena.es\/shop\/wp-json\/wp\/v2\/product"}],"about":[{"href":"https:\/\/coterena.es\/shop\/wp-json\/wp\/v2\/types\/product"}],"wp:featuredmedia":[{"embeddable":true,"href":"https:\/\/coterena.es\/shop\/wp-json\/wp\/v2\/media\/16614"}],"wp:attachment":[{"href":"https:\/\/coterena.es\/shop\/wp-json\/wp\/v2\/media?parent=10129"}],"wp:term":[{"taxonomy":"product_cat","embeddable":true,"href":"https:\/\/coterena.es\/shop\/wp-json\/wp\/v2\/product_cat?post=10129"},{"taxonomy":"product_tag","embeddable":true,"href":"https:\/\/coterena.es\/shop\/wp-json\/wp\/v2\/product_tag?post=10129"},{"taxonomy":"modelo","embeddable":true,"href":"https:\/\/coterena.es\/shop\/wp-json\/wp\/v2\/modelo?post=10129"}],"curies":[{"name":"wp","href":"https:\/\/api.w.org\/{rel}","templated":true}]}}