{"id":10139,"date":"2022-06-09T09:05:46","date_gmt":"2022-06-09T09:05:46","guid":{"rendered":"https:\/\/coterena.es\/shop\/?post_type=product&#038;p=6016"},"modified":"2023-04-19T11:15:07","modified_gmt":"2023-04-19T11:15:07","slug":"regulateur-de-temperature-caterpillar-248-5513","status":"publish","type":"product","link":"https:\/\/coterena.es\/shop\/regulateur-de-temperature-caterpillar-248-5513\/","title":{"rendered":"R\u00e9gulateur de temp\u00e9rature CATERPILLAR 248-5513"},"content":{"rendered":"<p>R\u00e9gulateur de temp\u00e9rature CATERPILLAR 248-5513. Nouveau<\/p>\n<p>Num\u00e9ro de pi\u00e8ce : 248-5513<\/p>\n","protected":false},"excerpt":{"rendered":"<p>R\u00e9gulateur de temp\u00e9rature CATERPILLAR 248-5513. Nouveau Num\u00e9ro de pi\u00e8ce : 248-5513<\/p>\n","protected":false},"featured_media":15970,"template":"","meta":[],"product_cat":[6965,6273],"product_tag":[],"modelo":[],"acf":[],"lang":"fr","translations":{"fr":10139,"es":6016,"en":10134},"pll_sync_post":[],"_links":{"self":[{"href":"https:\/\/coterena.es\/shop\/wp-json\/wp\/v2\/product\/10139"}],"collection":[{"href":"https:\/\/coterena.es\/shop\/wp-json\/wp\/v2\/product"}],"about":[{"href":"https:\/\/coterena.es\/shop\/wp-json\/wp\/v2\/types\/product"}],"wp:featuredmedia":[{"embeddable":true,"href":"https:\/\/coterena.es\/shop\/wp-json\/wp\/v2\/media\/15970"}],"wp:attachment":[{"href":"https:\/\/coterena.es\/shop\/wp-json\/wp\/v2\/media?parent=10139"}],"wp:term":[{"taxonomy":"product_cat","embeddable":true,"href":"https:\/\/coterena.es\/shop\/wp-json\/wp\/v2\/product_cat?post=10139"},{"taxonomy":"product_tag","embeddable":true,"href":"https:\/\/coterena.es\/shop\/wp-json\/wp\/v2\/product_tag?post=10139"},{"taxonomy":"modelo","embeddable":true,"href":"https:\/\/coterena.es\/shop\/wp-json\/wp\/v2\/modelo?post=10139"}],"curies":[{"name":"wp","href":"https:\/\/api.w.org\/{rel}","templated":true}]}}