{"id":10148,"date":"2022-06-09T08:31:19","date_gmt":"2022-06-09T08:31:19","guid":{"rendered":"https:\/\/coterena.es\/shop\/?post_type=product&#038;p=6012"},"modified":"2023-04-19T11:13:03","modified_gmt":"2023-04-19T11:13:03","slug":"regulateur-de-temperature-caterpillar-4w-4011","status":"publish","type":"product","link":"https:\/\/coterena.es\/shop\/regulateur-de-temperature-caterpillar-4w-4011\/","title":{"rendered":"R\u00e9gulateur de Temp\u00e9rature CATERPILLAR 4W-4011"},"content":{"rendered":"<p>R\u00e9gulateur de temp\u00e9rature CATERPILLAR 4W-4011. Nouveau<\/p>\n<p>Num\u00e9ro de pi\u00e8ce: 4W-4011<\/p>\n","protected":false},"excerpt":{"rendered":"<p>R\u00e9gulateur de temp\u00e9rature CATERPILLAR 4W-4011. Nouveau Num\u00e9ro de pi\u00e8ce: 4W-4011<\/p>\n","protected":false},"featured_media":15958,"template":"","meta":[],"product_cat":[6965,6273],"product_tag":[],"modelo":[],"acf":[],"lang":"fr","translations":{"fr":10148,"es":6012,"en":10144},"pll_sync_post":[],"_links":{"self":[{"href":"https:\/\/coterena.es\/shop\/wp-json\/wp\/v2\/product\/10148"}],"collection":[{"href":"https:\/\/coterena.es\/shop\/wp-json\/wp\/v2\/product"}],"about":[{"href":"https:\/\/coterena.es\/shop\/wp-json\/wp\/v2\/types\/product"}],"wp:featuredmedia":[{"embeddable":true,"href":"https:\/\/coterena.es\/shop\/wp-json\/wp\/v2\/media\/15958"}],"wp:attachment":[{"href":"https:\/\/coterena.es\/shop\/wp-json\/wp\/v2\/media?parent=10148"}],"wp:term":[{"taxonomy":"product_cat","embeddable":true,"href":"https:\/\/coterena.es\/shop\/wp-json\/wp\/v2\/product_cat?post=10148"},{"taxonomy":"product_tag","embeddable":true,"href":"https:\/\/coterena.es\/shop\/wp-json\/wp\/v2\/product_tag?post=10148"},{"taxonomy":"modelo","embeddable":true,"href":"https:\/\/coterena.es\/shop\/wp-json\/wp\/v2\/modelo?post=10148"}],"curies":[{"name":"wp","href":"https:\/\/api.w.org\/{rel}","templated":true}]}}