{"id":10233,"date":"2022-05-12T06:37:07","date_gmt":"2022-05-12T06:37:07","guid":{"rendered":"https:\/\/coterena.es\/shop\/?post_type=product&#038;p=5863"},"modified":"2023-04-12T06:43:10","modified_gmt":"2023-04-12T06:43:10","slug":"amortisseur-caterpillar-2","status":"publish","type":"product","link":"https:\/\/coterena.es\/shop\/amortisseur-caterpillar-2\/","title":{"rendered":"Amortisseur Caterpillar 0R-7848"},"content":{"rendered":"<p>Amortisseur CATERPILLAR 0R-7848. Reconditionn\u00e9.<\/p>\n<p>Compatible avec les moteurs Caterpillar 3508<\/p>\n<p>Num\u00e9ro de la pi\u00e8ce. : 0R-7848<\/p>\n","protected":false},"excerpt":{"rendered":"<p>Amortisseur CATERPILLAR 0R-7848. Reconditionn\u00e9. Compatible avec les moteurs Caterpillar 3508 Num\u00e9ro de la pi\u00e8ce. : 0R-7848<\/p>\n","protected":false},"featured_media":10234,"template":"","meta":[],"product_cat":[6937,6273],"product_tag":[],"modelo":[],"acf":[],"lang":"fr","translations":{"fr":10233,"es":5863,"en":10230},"pll_sync_post":[],"_links":{"self":[{"href":"https:\/\/coterena.es\/shop\/wp-json\/wp\/v2\/product\/10233"}],"collection":[{"href":"https:\/\/coterena.es\/shop\/wp-json\/wp\/v2\/product"}],"about":[{"href":"https:\/\/coterena.es\/shop\/wp-json\/wp\/v2\/types\/product"}],"wp:featuredmedia":[{"embeddable":true,"href":"https:\/\/coterena.es\/shop\/wp-json\/wp\/v2\/media\/10234"}],"wp:attachment":[{"href":"https:\/\/coterena.es\/shop\/wp-json\/wp\/v2\/media?parent=10233"}],"wp:term":[{"taxonomy":"product_cat","embeddable":true,"href":"https:\/\/coterena.es\/shop\/wp-json\/wp\/v2\/product_cat?post=10233"},{"taxonomy":"product_tag","embeddable":true,"href":"https:\/\/coterena.es\/shop\/wp-json\/wp\/v2\/product_tag?post=10233"},{"taxonomy":"modelo","embeddable":true,"href":"https:\/\/coterena.es\/shop\/wp-json\/wp\/v2\/modelo?post=10233"}],"curies":[{"name":"wp","href":"https:\/\/api.w.org\/{rel}","templated":true}]}}