{"id":10245,"date":"2022-05-12T06:24:33","date_gmt":"2022-05-12T06:24:33","guid":{"rendered":"https:\/\/coterena.es\/shop\/?post_type=product&#038;p=5857"},"modified":"2023-04-11T06:47:20","modified_gmt":"2023-04-11T06:47:20","slug":"arbre-a-cames-caterpillar","status":"publish","type":"product","link":"https:\/\/coterena.es\/shop\/arbre-a-cames-caterpillar\/","title":{"rendered":"Arbre \u00e0 cames Caterpillar 127-5402"},"content":{"rendered":"<p>Arbre \u00e0 cames CATERPILLAR 127-5402. Reconditionn\u00e9<\/p>\n<p>Num\u00e9ro de pi\u00e8ce : 127-5402<\/p>\n","protected":false},"excerpt":{"rendered":"<p>Arbre \u00e0 cames CATERPILLAR 127-5402. Reconditionn\u00e9 Num\u00e9ro de pi\u00e8ce : 127-5402<\/p>\n","protected":false},"featured_media":10246,"template":"","meta":[],"product_cat":[6939,6273],"product_tag":[],"modelo":[],"acf":[],"lang":"fr","translations":{"fr":10245,"es":5857,"en":10242},"pll_sync_post":[],"_links":{"self":[{"href":"https:\/\/coterena.es\/shop\/wp-json\/wp\/v2\/product\/10245"}],"collection":[{"href":"https:\/\/coterena.es\/shop\/wp-json\/wp\/v2\/product"}],"about":[{"href":"https:\/\/coterena.es\/shop\/wp-json\/wp\/v2\/types\/product"}],"wp:featuredmedia":[{"embeddable":true,"href":"https:\/\/coterena.es\/shop\/wp-json\/wp\/v2\/media\/10246"}],"wp:attachment":[{"href":"https:\/\/coterena.es\/shop\/wp-json\/wp\/v2\/media?parent=10245"}],"wp:term":[{"taxonomy":"product_cat","embeddable":true,"href":"https:\/\/coterena.es\/shop\/wp-json\/wp\/v2\/product_cat?post=10245"},{"taxonomy":"product_tag","embeddable":true,"href":"https:\/\/coterena.es\/shop\/wp-json\/wp\/v2\/product_tag?post=10245"},{"taxonomy":"modelo","embeddable":true,"href":"https:\/\/coterena.es\/shop\/wp-json\/wp\/v2\/modelo?post=10245"}],"curies":[{"name":"wp","href":"https:\/\/api.w.org\/{rel}","templated":true}]}}