{"id":10248,"date":"2022-05-12T06:21:46","date_gmt":"2022-05-12T06:21:46","guid":{"rendered":"https:\/\/coterena.es\/shop\/?post_type=product&#038;p=5852"},"modified":"2023-04-12T07:40:55","modified_gmt":"2023-04-12T07:40:55","slug":"air-coller-caterpillar","status":"publish","type":"product","link":"https:\/\/coterena.es\/shop\/air-coller-caterpillar\/","title":{"rendered":"Air coller Caterpillar 111-5059"},"content":{"rendered":"<p>Refroidisseur d&#8217;air CATERPILLAR 111-5059. Reconditionn\u00e9.<\/p>\n<p>Compatible avec les moteurs Caterpillar 3508B et 3516.<\/p>\n<p>Num\u00e9ro de pi\u00e8ce : 111-5059<\/p>\n","protected":false},"excerpt":{"rendered":"<p>Refroidisseur d&#8217;air CATERPILLAR 111-5059. Reconditionn\u00e9. Compatible avec les moteurs Caterpillar 3508B et 3516. Num\u00e9ro de pi\u00e8ce : 111-5059<\/p>\n","protected":false},"featured_media":10249,"template":"","meta":[],"product_cat":[6985,6271],"product_tag":[],"modelo":[],"acf":[],"lang":"en","translations":{"en":10248,"es":5852,"fr":10253},"pll_sync_post":[],"_links":{"self":[{"href":"https:\/\/coterena.es\/shop\/wp-json\/wp\/v2\/product\/10248"}],"collection":[{"href":"https:\/\/coterena.es\/shop\/wp-json\/wp\/v2\/product"}],"about":[{"href":"https:\/\/coterena.es\/shop\/wp-json\/wp\/v2\/types\/product"}],"wp:featuredmedia":[{"embeddable":true,"href":"https:\/\/coterena.es\/shop\/wp-json\/wp\/v2\/media\/10249"}],"wp:attachment":[{"href":"https:\/\/coterena.es\/shop\/wp-json\/wp\/v2\/media?parent=10248"}],"wp:term":[{"taxonomy":"product_cat","embeddable":true,"href":"https:\/\/coterena.es\/shop\/wp-json\/wp\/v2\/product_cat?post=10248"},{"taxonomy":"product_tag","embeddable":true,"href":"https:\/\/coterena.es\/shop\/wp-json\/wp\/v2\/product_tag?post=10248"},{"taxonomy":"modelo","embeddable":true,"href":"https:\/\/coterena.es\/shop\/wp-json\/wp\/v2\/modelo?post=10248"}],"curies":[{"name":"wp","href":"https:\/\/api.w.org\/{rel}","templated":true}]}}