{"id":10253,"date":"2022-05-12T06:21:46","date_gmt":"2022-05-12T06:21:46","guid":{"rendered":"https:\/\/coterena.es\/shop\/?post_type=product&#038;p=5852"},"modified":"2023-04-12T07:40:02","modified_gmt":"2023-04-12T07:40:02","slug":"refroidisseur-dair-caterpillar","status":"publish","type":"product","link":"https:\/\/coterena.es\/shop\/refroidisseur-dair-caterpillar\/","title":{"rendered":"Refroidisseur d\u00b4air Caterpillar 111-5059"},"content":{"rendered":"<p>Refroidisseur d&#8217;air CATERPILLAR 111-5059. Reconditionn\u00e9.<\/p>\n<p>Compatible avec les moteurs Caterpillar 3508B et 3516.<\/p>\n<p>Num\u00e9ro de pi\u00e8ce : 111-5059<\/p>\n","protected":false},"excerpt":{"rendered":"<p>Refroidisseur d&#8217;air CATERPILLAR 111-5059. Reconditionn\u00e9. Compatible avec les moteurs Caterpillar 3508B et 3516. Num\u00e9ro de pi\u00e8ce : 111-5059<\/p>\n","protected":false},"featured_media":10254,"template":"","meta":[],"product_cat":[6273,6983],"product_tag":[],"modelo":[],"acf":[],"lang":"fr","translations":{"fr":10253,"es":5852,"en":10248},"pll_sync_post":[],"_links":{"self":[{"href":"https:\/\/coterena.es\/shop\/wp-json\/wp\/v2\/product\/10253"}],"collection":[{"href":"https:\/\/coterena.es\/shop\/wp-json\/wp\/v2\/product"}],"about":[{"href":"https:\/\/coterena.es\/shop\/wp-json\/wp\/v2\/types\/product"}],"wp:featuredmedia":[{"embeddable":true,"href":"https:\/\/coterena.es\/shop\/wp-json\/wp\/v2\/media\/10254"}],"wp:attachment":[{"href":"https:\/\/coterena.es\/shop\/wp-json\/wp\/v2\/media?parent=10253"}],"wp:term":[{"taxonomy":"product_cat","embeddable":true,"href":"https:\/\/coterena.es\/shop\/wp-json\/wp\/v2\/product_cat?post=10253"},{"taxonomy":"product_tag","embeddable":true,"href":"https:\/\/coterena.es\/shop\/wp-json\/wp\/v2\/product_tag?post=10253"},{"taxonomy":"modelo","embeddable":true,"href":"https:\/\/coterena.es\/shop\/wp-json\/wp\/v2\/modelo?post=10253"}],"curies":[{"name":"wp","href":"https:\/\/api.w.org\/{rel}","templated":true}]}}