{"id":10281,"date":"2022-05-12T06:04:45","date_gmt":"2022-05-12T06:04:45","guid":{"rendered":"https:\/\/coterena.es\/shop\/?post_type=product&#038;p=5842"},"modified":"2023-04-11T07:35:02","modified_gmt":"2023-04-11T07:35:02","slug":"pompe-a-eau-basse-temperature-caterpillar-3500","status":"publish","type":"product","link":"https:\/\/coterena.es\/shop\/pompe-a-eau-basse-temperature-caterpillar-3500\/","title":{"rendered":"Pompe \u00e0 eau basse temp\u00e9rature Caterpillar 20R-8812"},"content":{"rendered":"<p>Pompe \u00e0 eau basse temp\u00e9rature Caterpillar 20R-8812. Reconditionn\u00e9e.<\/p>\n<p>Pour post-refroidisseur Caterpillar. Compatible avec les moteurs CATERPILLAR 3500.<\/p>\n<p>Num\u00e9ro de pi\u00e8ce : 20R-8812<\/p>\n","protected":false},"excerpt":{"rendered":"<p>Pompe \u00e0 eau basse temp\u00e9rature Caterpillar 20R-8812. Reconditionn\u00e9e. Pour post-refroidisseur Caterpillar. Compatible avec les moteurs CATERPILLAR 3500. Num\u00e9ro de pi\u00e8ce : 20R-8812<\/p>\n","protected":false},"featured_media":10282,"template":"","meta":[],"product_cat":[6965,6273],"product_tag":[],"modelo":[],"acf":[],"lang":"fr","translations":{"fr":10281,"es":5842,"en":10276},"pll_sync_post":[],"_links":{"self":[{"href":"https:\/\/coterena.es\/shop\/wp-json\/wp\/v2\/product\/10281"}],"collection":[{"href":"https:\/\/coterena.es\/shop\/wp-json\/wp\/v2\/product"}],"about":[{"href":"https:\/\/coterena.es\/shop\/wp-json\/wp\/v2\/types\/product"}],"wp:featuredmedia":[{"embeddable":true,"href":"https:\/\/coterena.es\/shop\/wp-json\/wp\/v2\/media\/10282"}],"wp:attachment":[{"href":"https:\/\/coterena.es\/shop\/wp-json\/wp\/v2\/media?parent=10281"}],"wp:term":[{"taxonomy":"product_cat","embeddable":true,"href":"https:\/\/coterena.es\/shop\/wp-json\/wp\/v2\/product_cat?post=10281"},{"taxonomy":"product_tag","embeddable":true,"href":"https:\/\/coterena.es\/shop\/wp-json\/wp\/v2\/product_tag?post=10281"},{"taxonomy":"modelo","embeddable":true,"href":"https:\/\/coterena.es\/shop\/wp-json\/wp\/v2\/modelo?post=10281"}],"curies":[{"name":"wp","href":"https:\/\/api.w.org\/{rel}","templated":true}]}}