{"id":10305,"date":"2022-05-12T05:48:13","date_gmt":"2022-05-12T05:48:13","guid":{"rendered":"https:\/\/coterena.es\/shop\/?post_type=product&#038;p=5830"},"modified":"2023-04-14T06:18:32","modified_gmt":"2023-04-14T06:18:32","slug":"turbo-caterpillar-fr","status":"publish","type":"product","link":"https:\/\/coterena.es\/shop\/turbo-caterpillar-fr\/","title":{"rendered":"Turbo Caterpillar 1W-6551"},"content":{"rendered":"<p>Turbo CATERPILLAR 1W-6551. Reconditionn\u00e9.<\/p>\n<p>Compatible avec les moteurs Caterpillar 3508.<\/p>\n<p>Num\u00e9ro de pi\u00e8ce : 1W-6551<\/p>\n","protected":false},"excerpt":{"rendered":"<p>Turbo CATERPILLAR 1W-6551. Reconditionn\u00e9. Compatible avec les moteurs Caterpillar 3508. Num\u00e9ro de pi\u00e8ce : 1W-6551<\/p>\n","protected":false},"featured_media":10306,"template":"","meta":[],"product_cat":[6273,7013],"product_tag":[],"modelo":[],"acf":[],"lang":"fr","translations":{"fr":10305,"es":5830,"en":10300},"pll_sync_post":[],"_links":{"self":[{"href":"https:\/\/coterena.es\/shop\/wp-json\/wp\/v2\/product\/10305"}],"collection":[{"href":"https:\/\/coterena.es\/shop\/wp-json\/wp\/v2\/product"}],"about":[{"href":"https:\/\/coterena.es\/shop\/wp-json\/wp\/v2\/types\/product"}],"wp:featuredmedia":[{"embeddable":true,"href":"https:\/\/coterena.es\/shop\/wp-json\/wp\/v2\/media\/10306"}],"wp:attachment":[{"href":"https:\/\/coterena.es\/shop\/wp-json\/wp\/v2\/media?parent=10305"}],"wp:term":[{"taxonomy":"product_cat","embeddable":true,"href":"https:\/\/coterena.es\/shop\/wp-json\/wp\/v2\/product_cat?post=10305"},{"taxonomy":"product_tag","embeddable":true,"href":"https:\/\/coterena.es\/shop\/wp-json\/wp\/v2\/product_tag?post=10305"},{"taxonomy":"modelo","embeddable":true,"href":"https:\/\/coterena.es\/shop\/wp-json\/wp\/v2\/modelo?post=10305"}],"curies":[{"name":"wp","href":"https:\/\/api.w.org\/{rel}","templated":true}]}}