{"id":10322,"date":"2022-05-11T12:46:22","date_gmt":"2022-05-11T12:46:22","guid":{"rendered":"https:\/\/coterena.es\/shop\/?post_type=product&#038;p=5814"},"modified":"2023-04-11T07:36:51","modified_gmt":"2023-04-11T07:36:51","slug":"pompe-a-eau-du-refroidisseur-caterpillar","status":"publish","type":"product","link":"https:\/\/coterena.es\/shop\/pompe-a-eau-du-refroidisseur-caterpillar\/","title":{"rendered":"Pompe \u00e0 eau du refroidisseur Caterpillar 212-8166"},"content":{"rendered":"<p>Pompe \u00e0 eau CATERPILLAR 212-8166. Reconditionn\u00e9e<\/p>\n<p>Num\u00e9ro de pi\u00e8ce : 212-8166<\/p>\n","protected":false},"excerpt":{"rendered":"<p>Pompe \u00e0 eau CATERPILLAR 212-8166. Reconditionn\u00e9e Num\u00e9ro de pi\u00e8ce : 212-8166<\/p>\n","protected":false},"featured_media":10323,"template":"","meta":[],"product_cat":[6965,6273],"product_tag":[],"modelo":[],"acf":[],"lang":"fr","translations":{"fr":10322,"es":5814,"en":10317},"pll_sync_post":[],"_links":{"self":[{"href":"https:\/\/coterena.es\/shop\/wp-json\/wp\/v2\/product\/10322"}],"collection":[{"href":"https:\/\/coterena.es\/shop\/wp-json\/wp\/v2\/product"}],"about":[{"href":"https:\/\/coterena.es\/shop\/wp-json\/wp\/v2\/types\/product"}],"wp:featuredmedia":[{"embeddable":true,"href":"https:\/\/coterena.es\/shop\/wp-json\/wp\/v2\/media\/10323"}],"wp:attachment":[{"href":"https:\/\/coterena.es\/shop\/wp-json\/wp\/v2\/media?parent=10322"}],"wp:term":[{"taxonomy":"product_cat","embeddable":true,"href":"https:\/\/coterena.es\/shop\/wp-json\/wp\/v2\/product_cat?post=10322"},{"taxonomy":"product_tag","embeddable":true,"href":"https:\/\/coterena.es\/shop\/wp-json\/wp\/v2\/product_tag?post=10322"},{"taxonomy":"modelo","embeddable":true,"href":"https:\/\/coterena.es\/shop\/wp-json\/wp\/v2\/modelo?post=10322"}],"curies":[{"name":"wp","href":"https:\/\/api.w.org\/{rel}","templated":true}]}}