{"id":10332,"date":"2022-05-11T06:33:37","date_gmt":"2022-05-11T06:33:37","guid":{"rendered":"https:\/\/coterena.es\/shop\/?post_type=product&#038;p=5808"},"modified":"2023-04-13T09:10:27","modified_gmt":"2023-04-13T09:10:27","slug":"assembly-chauffage-caterpillar","status":"publish","type":"product","link":"https:\/\/coterena.es\/shop\/assembly-chauffage-caterpillar\/","title":{"rendered":"Assembly chauffage Caterpillar 169-2178"},"content":{"rendered":"<p>Assembly chauffage CATERPILLAR 169-2178. Reconditionn\u00e9e<\/p>\n<p>Num\u00e9ro de pi\u00e8ce: 169-2178<\/p>\n<p>Puissance : 6Kw<\/p>\n<p>Tension : 230 volts<\/p>\n","protected":false},"excerpt":{"rendered":"<p>Assembly chauffage CATERPILLAR 169-2178. Reconditionn\u00e9e Num\u00e9ro de pi\u00e8ce: 169-2178 Puissance : 6Kw Tension : 230 volts<\/p>\n","protected":false},"featured_media":10333,"template":"","meta":[],"product_cat":[6965,6273],"product_tag":[],"modelo":[],"acf":[],"lang":"fr","translations":{"fr":10332,"es":5808,"en":10327},"pll_sync_post":[],"_links":{"self":[{"href":"https:\/\/coterena.es\/shop\/wp-json\/wp\/v2\/product\/10332"}],"collection":[{"href":"https:\/\/coterena.es\/shop\/wp-json\/wp\/v2\/product"}],"about":[{"href":"https:\/\/coterena.es\/shop\/wp-json\/wp\/v2\/types\/product"}],"wp:featuredmedia":[{"embeddable":true,"href":"https:\/\/coterena.es\/shop\/wp-json\/wp\/v2\/media\/10333"}],"wp:attachment":[{"href":"https:\/\/coterena.es\/shop\/wp-json\/wp\/v2\/media?parent=10332"}],"wp:term":[{"taxonomy":"product_cat","embeddable":true,"href":"https:\/\/coterena.es\/shop\/wp-json\/wp\/v2\/product_cat?post=10332"},{"taxonomy":"product_tag","embeddable":true,"href":"https:\/\/coterena.es\/shop\/wp-json\/wp\/v2\/product_tag?post=10332"},{"taxonomy":"modelo","embeddable":true,"href":"https:\/\/coterena.es\/shop\/wp-json\/wp\/v2\/modelo?post=10332"}],"curies":[{"name":"wp","href":"https:\/\/api.w.org\/{rel}","templated":true}]}}