{"id":10341,"date":"2022-05-10T08:52:36","date_gmt":"2022-05-10T08:52:36","guid":{"rendered":"https:\/\/coterena.es\/shop\/?post_type=product&#038;p=5803"},"modified":"2023-04-14T06:36:39","modified_gmt":"2023-04-14T06:36:39","slug":"valve-de-securite-pour-moteur-deutz-350","status":"publish","type":"product","link":"https:\/\/coterena.es\/shop\/valve-de-securite-pour-moteur-deutz-350\/","title":{"rendered":"Valve de s\u00e9curit\u00e9 Deutz 350"},"content":{"rendered":"<p>Valve de s\u00e9curit\u00e9 DEUTZ 350. Reconditionn\u00e9e<\/p>\n<p>Num\u00e9ro de pi\u00e8ce : 2007386<\/p>\n","protected":false},"excerpt":{"rendered":"<p>Valve de s\u00e9curit\u00e9 DEUTZ 350. Reconditionn\u00e9e Num\u00e9ro de pi\u00e8ce : 2007386<\/p>\n","protected":false},"featured_media":10342,"template":"","meta":[],"product_cat":[6273,6981],"product_tag":[],"modelo":[],"acf":[],"lang":"fr","translations":{"fr":10341,"es":5803,"en":10337},"pll_sync_post":[],"_links":{"self":[{"href":"https:\/\/coterena.es\/shop\/wp-json\/wp\/v2\/product\/10341"}],"collection":[{"href":"https:\/\/coterena.es\/shop\/wp-json\/wp\/v2\/product"}],"about":[{"href":"https:\/\/coterena.es\/shop\/wp-json\/wp\/v2\/types\/product"}],"wp:featuredmedia":[{"embeddable":true,"href":"https:\/\/coterena.es\/shop\/wp-json\/wp\/v2\/media\/10342"}],"wp:attachment":[{"href":"https:\/\/coterena.es\/shop\/wp-json\/wp\/v2\/media?parent=10341"}],"wp:term":[{"taxonomy":"product_cat","embeddable":true,"href":"https:\/\/coterena.es\/shop\/wp-json\/wp\/v2\/product_cat?post=10341"},{"taxonomy":"product_tag","embeddable":true,"href":"https:\/\/coterena.es\/shop\/wp-json\/wp\/v2\/product_tag?post=10341"},{"taxonomy":"modelo","embeddable":true,"href":"https:\/\/coterena.es\/shop\/wp-json\/wp\/v2\/modelo?post=10341"}],"curies":[{"name":"wp","href":"https:\/\/api.w.org\/{rel}","templated":true}]}}