{"id":10355,"date":"2022-05-10T08:24:24","date_gmt":"2022-05-10T08:24:24","guid":{"rendered":"https:\/\/coterena.es\/shop\/?post_type=product&#038;p=5798"},"modified":"2023-04-13T08:44:08","modified_gmt":"2023-04-13T08:44:08","slug":"regulateur-dinjection-woodward-ug8","status":"publish","type":"product","link":"https:\/\/coterena.es\/shop\/regulateur-dinjection-woodward-ug8\/","title":{"rendered":"R\u00e9gulateur d\u00b4injection Woodward UG8"},"content":{"rendered":"<p>R\u00e9gulateur d&#8217;injection Woodward UG8 pour moteur DEUTZ 528. D\u00b4ocassion<\/p>\n<p>Mod\u00e8le: UG8<\/p>\n<p>Num\u00e9ro de pi\u00e8ce: 8522-214<\/p>\n","protected":false},"excerpt":{"rendered":"<p>R\u00e9gulateur d&#8217;injection Woodward UG8 pour moteur DEUTZ 528. D\u00b4ocassion Mod\u00e8le: UG8 Num\u00e9ro de pi\u00e8ce: 8522-214<\/p>\n","protected":false},"featured_media":10356,"template":"","meta":[],"product_cat":[6273,6993],"product_tag":[],"modelo":[],"acf":[],"lang":"fr","translations":{"fr":10355,"es":5798,"en":10350},"pll_sync_post":[],"_links":{"self":[{"href":"https:\/\/coterena.es\/shop\/wp-json\/wp\/v2\/product\/10355"}],"collection":[{"href":"https:\/\/coterena.es\/shop\/wp-json\/wp\/v2\/product"}],"about":[{"href":"https:\/\/coterena.es\/shop\/wp-json\/wp\/v2\/types\/product"}],"wp:featuredmedia":[{"embeddable":true,"href":"https:\/\/coterena.es\/shop\/wp-json\/wp\/v2\/media\/10356"}],"wp:attachment":[{"href":"https:\/\/coterena.es\/shop\/wp-json\/wp\/v2\/media?parent=10355"}],"wp:term":[{"taxonomy":"product_cat","embeddable":true,"href":"https:\/\/coterena.es\/shop\/wp-json\/wp\/v2\/product_cat?post=10355"},{"taxonomy":"product_tag","embeddable":true,"href":"https:\/\/coterena.es\/shop\/wp-json\/wp\/v2\/product_tag?post=10355"},{"taxonomy":"modelo","embeddable":true,"href":"https:\/\/coterena.es\/shop\/wp-json\/wp\/v2\/modelo?post=10355"}],"curies":[{"name":"wp","href":"https:\/\/api.w.org\/{rel}","templated":true}]}}