{"id":10410,"date":"2022-05-10T07:38:28","date_gmt":"2022-05-10T07:38:28","guid":{"rendered":"https:\/\/coterena.es\/shop\/?post_type=product&#038;p=5779"},"modified":"2023-04-12T09:58:56","modified_gmt":"2023-04-12T09:58:56","slug":"air-filter-wartsila","status":"publish","type":"product","link":"https:\/\/coterena.es\/shop\/air-filter-wartsila\/","title":{"rendered":"Air filter W\u00e4rtsil\u00e4"},"content":{"rendered":"<p>Engine Air Filter W\u00e4RTSIL\u00c4. Reconditioned<\/p>\n<p>Base 32<\/p>\n","protected":false},"excerpt":{"rendered":"<p>Engine Air Filter W\u00e4RTSIL\u00c4. Reconditioned Base 32<\/p>\n","protected":false},"featured_media":10411,"template":"","meta":[],"product_cat":[6271,7011],"product_tag":[],"modelo":[],"acf":[],"lang":"en","translations":{"en":10410,"es":5779,"fr":10414},"pll_sync_post":[],"_links":{"self":[{"href":"https:\/\/coterena.es\/shop\/wp-json\/wp\/v2\/product\/10410"}],"collection":[{"href":"https:\/\/coterena.es\/shop\/wp-json\/wp\/v2\/product"}],"about":[{"href":"https:\/\/coterena.es\/shop\/wp-json\/wp\/v2\/types\/product"}],"wp:featuredmedia":[{"embeddable":true,"href":"https:\/\/coterena.es\/shop\/wp-json\/wp\/v2\/media\/10411"}],"wp:attachment":[{"href":"https:\/\/coterena.es\/shop\/wp-json\/wp\/v2\/media?parent=10410"}],"wp:term":[{"taxonomy":"product_cat","embeddable":true,"href":"https:\/\/coterena.es\/shop\/wp-json\/wp\/v2\/product_cat?post=10410"},{"taxonomy":"product_tag","embeddable":true,"href":"https:\/\/coterena.es\/shop\/wp-json\/wp\/v2\/product_tag?post=10410"},{"taxonomy":"modelo","embeddable":true,"href":"https:\/\/coterena.es\/shop\/wp-json\/wp\/v2\/modelo?post=10410"}],"curies":[{"name":"wp","href":"https:\/\/api.w.org\/{rel}","templated":true}]}}