{"id":10466,"date":"2022-05-09T12:29:06","date_gmt":"2022-05-09T12:29:06","guid":{"rendered":"https:\/\/coterena.es\/shop\/?post_type=product&#038;p=5754"},"modified":"2023-04-24T07:12:16","modified_gmt":"2023-04-24T07:12:16","slug":"transmission-reducteur-reintjes-laf-842","status":"publish","type":"product","link":"https:\/\/coterena.es\/shop\/transmission-reducteur-reintjes-laf-842\/","title":{"rendered":"Extr\u00e9mit\u00e9 de la transmission Reducteur REINTJES LAF 842"},"content":{"rendered":"<p>Reducteur REINTJES LAF 842 n\u00ba62979. D\u00b4ocassion<\/p>\n<p>Extr\u00e9mit\u00e9 de la transmission position P-1. Num\u00e9ro de pi\u00e8ce: 870056<\/p>\n<p>Roue extr\u00e9mit\u00e9 de la transmission position R-2. Num\u00e9ro de pi\u00e8ce: 391239<\/p>\n","protected":false},"excerpt":{"rendered":"<p>Reducteur REINTJES LAF 842 n\u00ba62979. D\u00b4ocassion Extr\u00e9mit\u00e9 de la transmission position P-1. Num\u00e9ro de pi\u00e8ce: 870056 Roue extr\u00e9mit\u00e9 de la transmission position R-2. Num\u00e9ro de pi\u00e8ce: 391239<\/p>\n","protected":false},"featured_media":10467,"template":"","meta":[],"product_cat":[7031,6277],"product_tag":[],"modelo":[],"acf":[],"lang":"fr","translations":{"fr":10466,"es":5754,"en":10464},"pll_sync_post":[],"_links":{"self":[{"href":"https:\/\/coterena.es\/shop\/wp-json\/wp\/v2\/product\/10466"}],"collection":[{"href":"https:\/\/coterena.es\/shop\/wp-json\/wp\/v2\/product"}],"about":[{"href":"https:\/\/coterena.es\/shop\/wp-json\/wp\/v2\/types\/product"}],"wp:featuredmedia":[{"embeddable":true,"href":"https:\/\/coterena.es\/shop\/wp-json\/wp\/v2\/media\/10467"}],"wp:attachment":[{"href":"https:\/\/coterena.es\/shop\/wp-json\/wp\/v2\/media?parent=10466"}],"wp:term":[{"taxonomy":"product_cat","embeddable":true,"href":"https:\/\/coterena.es\/shop\/wp-json\/wp\/v2\/product_cat?post=10466"},{"taxonomy":"product_tag","embeddable":true,"href":"https:\/\/coterena.es\/shop\/wp-json\/wp\/v2\/product_tag?post=10466"},{"taxonomy":"modelo","embeddable":true,"href":"https:\/\/coterena.es\/shop\/wp-json\/wp\/v2\/modelo?post=10466"}],"curies":[{"name":"wp","href":"https:\/\/api.w.org\/{rel}","templated":true}]}}