{"id":10473,"date":"2022-05-09T12:15:48","date_gmt":"2022-05-09T12:15:48","guid":{"rendered":"https:\/\/coterena.es\/shop\/?post_type=product&#038;p=5749"},"modified":"2023-04-12T06:29:06","modified_gmt":"2023-04-12T06:29:06","slug":"culata-motor-mak-453-2","status":"publish","type":"product","link":"https:\/\/coterena.es\/shop\/culata-motor-mak-453-2\/","title":{"rendered":"Culasse Mak 453"},"content":{"rendered":"<p>Culasse de moteur Mak 453. Reconditionn\u00e9e<\/p>\n<p>Num\u00e9ro de la pi\u00e9ce : 1.2151A<\/p>\n","protected":false},"excerpt":{"rendered":"<p>Culasse de moteur Mak 453. Reconditionn\u00e9e Num\u00e9ro de la pi\u00e9ce : 1.2151A<\/p>\n","protected":false},"featured_media":10474,"template":"","meta":[],"product_cat":[6273,6981],"product_tag":[],"modelo":[],"acf":[],"lang":"fr","translations":{"fr":10473,"es":5749,"en":10468},"pll_sync_post":[],"_links":{"self":[{"href":"https:\/\/coterena.es\/shop\/wp-json\/wp\/v2\/product\/10473"}],"collection":[{"href":"https:\/\/coterena.es\/shop\/wp-json\/wp\/v2\/product"}],"about":[{"href":"https:\/\/coterena.es\/shop\/wp-json\/wp\/v2\/types\/product"}],"wp:featuredmedia":[{"embeddable":true,"href":"https:\/\/coterena.es\/shop\/wp-json\/wp\/v2\/media\/10474"}],"wp:attachment":[{"href":"https:\/\/coterena.es\/shop\/wp-json\/wp\/v2\/media?parent=10473"}],"wp:term":[{"taxonomy":"product_cat","embeddable":true,"href":"https:\/\/coterena.es\/shop\/wp-json\/wp\/v2\/product_cat?post=10473"},{"taxonomy":"product_tag","embeddable":true,"href":"https:\/\/coterena.es\/shop\/wp-json\/wp\/v2\/product_tag?post=10473"},{"taxonomy":"modelo","embeddable":true,"href":"https:\/\/coterena.es\/shop\/wp-json\/wp\/v2\/modelo?post=10473"}],"curies":[{"name":"wp","href":"https:\/\/api.w.org\/{rel}","templated":true}]}}