{"id":10482,"date":"2022-05-09T12:11:47","date_gmt":"2022-05-09T12:11:47","guid":{"rendered":"https:\/\/coterena.es\/shop\/?post_type=product&#038;p=5745"},"modified":"2023-04-11T07:02:29","modified_gmt":"2023-04-11T07:02:29","slug":"bielle-pour-moteur-deutz-350","status":"publish","type":"product","link":"https:\/\/coterena.es\/shop\/bielle-pour-moteur-deutz-350\/","title":{"rendered":"Bielle pour moteur Deutz 350"},"content":{"rendered":"<p>Bielles compl\u00e8tes Deutz 350 Engine. Reconditionn\u00e9es<\/p>\n<p>Num\u00e9ro de pi\u00e8ce : 2020329<\/p>\n","protected":false},"excerpt":{"rendered":"<p>Bielles compl\u00e8tes Deutz 350 Engine. Reconditionn\u00e9es Num\u00e9ro de pi\u00e8ce : 2020329<\/p>\n","protected":false},"featured_media":10483,"template":"","meta":[],"product_cat":[6273,7005],"product_tag":[],"modelo":[],"acf":[],"lang":"fr","translations":{"fr":10482,"es":5745,"en":10478},"pll_sync_post":[],"_links":{"self":[{"href":"https:\/\/coterena.es\/shop\/wp-json\/wp\/v2\/product\/10482"}],"collection":[{"href":"https:\/\/coterena.es\/shop\/wp-json\/wp\/v2\/product"}],"about":[{"href":"https:\/\/coterena.es\/shop\/wp-json\/wp\/v2\/types\/product"}],"wp:featuredmedia":[{"embeddable":true,"href":"https:\/\/coterena.es\/shop\/wp-json\/wp\/v2\/media\/10483"}],"wp:attachment":[{"href":"https:\/\/coterena.es\/shop\/wp-json\/wp\/v2\/media?parent=10482"}],"wp:term":[{"taxonomy":"product_cat","embeddable":true,"href":"https:\/\/coterena.es\/shop\/wp-json\/wp\/v2\/product_cat?post=10482"},{"taxonomy":"product_tag","embeddable":true,"href":"https:\/\/coterena.es\/shop\/wp-json\/wp\/v2\/product_tag?post=10482"},{"taxonomy":"modelo","embeddable":true,"href":"https:\/\/coterena.es\/shop\/wp-json\/wp\/v2\/modelo?post=10482"}],"curies":[{"name":"wp","href":"https:\/\/api.w.org\/{rel}","templated":true}]}}