{"id":10511,"date":"2022-05-09T11:30:51","date_gmt":"2022-05-09T11:30:51","guid":{"rendered":"https:\/\/coterena.es\/shop\/?post_type=product&#038;p=5728"},"modified":"2023-04-12T06:26:20","modified_gmt":"2023-04-12T06:26:20","slug":"culasse-pour-moteur-deutz-350","status":"publish","type":"product","link":"https:\/\/coterena.es\/shop\/culasse-pour-moteur-deutz-350\/","title":{"rendered":"Culasse pour moteur Deutz 350"},"content":{"rendered":"<p>Culasse Deutz 350. Reconditionn\u00e9e.<\/p>\n<p>Num\u00e9ro de pi\u00e8ce : 02018458<\/p>\n","protected":false},"excerpt":{"rendered":"<p>Culasse Deutz 350. Reconditionn\u00e9e. Num\u00e9ro de pi\u00e8ce : 02018458<\/p>\n","protected":false},"featured_media":10512,"template":"","meta":[],"product_cat":[6273,6981],"product_tag":[],"modelo":[],"acf":[],"lang":"fr","translations":{"fr":10511,"es":5728,"en":10506},"pll_sync_post":[],"_links":{"self":[{"href":"https:\/\/coterena.es\/shop\/wp-json\/wp\/v2\/product\/10511"}],"collection":[{"href":"https:\/\/coterena.es\/shop\/wp-json\/wp\/v2\/product"}],"about":[{"href":"https:\/\/coterena.es\/shop\/wp-json\/wp\/v2\/types\/product"}],"wp:featuredmedia":[{"embeddable":true,"href":"https:\/\/coterena.es\/shop\/wp-json\/wp\/v2\/media\/10512"}],"wp:attachment":[{"href":"https:\/\/coterena.es\/shop\/wp-json\/wp\/v2\/media?parent=10511"}],"wp:term":[{"taxonomy":"product_cat","embeddable":true,"href":"https:\/\/coterena.es\/shop\/wp-json\/wp\/v2\/product_cat?post=10511"},{"taxonomy":"product_tag","embeddable":true,"href":"https:\/\/coterena.es\/shop\/wp-json\/wp\/v2\/product_tag?post=10511"},{"taxonomy":"modelo","embeddable":true,"href":"https:\/\/coterena.es\/shop\/wp-json\/wp\/v2\/modelo?post=10511"}],"curies":[{"name":"wp","href":"https:\/\/api.w.org\/{rel}","templated":true}]}}