{"id":10525,"date":"2022-08-03T07:25:10","date_gmt":"2022-08-03T07:25:10","guid":{"rendered":"https:\/\/coterena.es\/shop\/?post_type=product&#038;p=9199"},"modified":"2023-04-10T10:08:55","modified_gmt":"2023-04-10T10:08:55","slug":"plaque-terminale-du-refroidisseur-alfa-laval-m10-bk2","status":"publish","type":"product","link":"https:\/\/coterena.es\/shop\/plaque-terminale-du-refroidisseur-alfa-laval-m10-bk2\/","title":{"rendered":"Plaque terminale du refroidisseur ALFA LAVAL M10 BK2"},"content":{"rendered":"<p>Plaque terminale du refroidisseur ALFA LAVAL M10 BK2-316-0,6 NBRB\/C. Nouveau<\/p>\n<p>Mod\u00e8le : M10 BK2-316<\/p>\n<p>Num\u00e9ro de pi\u00e8ce : 3950145376<\/p>\n","protected":false},"excerpt":{"rendered":"<p>Plaque terminale du refroidisseur ALFA LAVAL M10 BK2-316-0,6 NBRB\/C. Nouveau Mod\u00e8le : M10 BK2-316 Num\u00e9ro de pi\u00e8ce : 3950145376<\/p>\n","protected":false},"featured_media":9204,"template":"","meta":[],"product_cat":[6265],"product_tag":[],"modelo":[],"acf":[],"lang":"fr","translations":{"fr":10525,"es":9199,"en":10524},"pll_sync_post":[],"_links":{"self":[{"href":"https:\/\/coterena.es\/shop\/wp-json\/wp\/v2\/product\/10525"}],"collection":[{"href":"https:\/\/coterena.es\/shop\/wp-json\/wp\/v2\/product"}],"about":[{"href":"https:\/\/coterena.es\/shop\/wp-json\/wp\/v2\/types\/product"}],"wp:featuredmedia":[{"embeddable":true,"href":"https:\/\/coterena.es\/shop\/wp-json\/wp\/v2\/media\/9204"}],"wp:attachment":[{"href":"https:\/\/coterena.es\/shop\/wp-json\/wp\/v2\/media?parent=10525"}],"wp:term":[{"taxonomy":"product_cat","embeddable":true,"href":"https:\/\/coterena.es\/shop\/wp-json\/wp\/v2\/product_cat?post=10525"},{"taxonomy":"product_tag","embeddable":true,"href":"https:\/\/coterena.es\/shop\/wp-json\/wp\/v2\/product_tag?post=10525"},{"taxonomy":"modelo","embeddable":true,"href":"https:\/\/coterena.es\/shop\/wp-json\/wp\/v2\/modelo?post=10525"}],"curies":[{"name":"wp","href":"https:\/\/api.w.org\/{rel}","templated":true}]}}