{"id":10634,"date":"2022-08-19T05:23:17","date_gmt":"2022-08-19T05:23:17","guid":{"rendered":"https:\/\/coterena.es\/shop\/?post_type=product&#038;p=10634"},"modified":"2023-04-11T12:38:52","modified_gmt":"2023-04-11T12:38:52","slug":"pinon-caterpillar-2w-6078-nuevo","status":"publish","type":"product","link":"https:\/\/coterena.es\/shop\/pinon-caterpillar-2w-6078-nuevo\/","title":{"rendered":"Pi\u00f1\u00f3n Caterpillar 2W-6078"},"content":{"rendered":"<p>Pi\u00f1\u00f3n CATERPILLAR 2W-6078. Nuevo<\/p>\n<p>Referencia: 2W-6078<\/p>\n","protected":false},"excerpt":{"rendered":"<p>Pi\u00f1\u00f3n CATERPILLAR 2W-6078. Nuevo Referencia: 2W-6078<\/p>\n","protected":false},"featured_media":10635,"template":"","meta":[],"product_cat":[75],"product_tag":[],"modelo":[],"acf":[],"lang":"es","translations":{"es":10634,"en":10986,"fr":10987},"pll_sync_post":[],"_links":{"self":[{"href":"https:\/\/coterena.es\/shop\/wp-json\/wp\/v2\/product\/10634"}],"collection":[{"href":"https:\/\/coterena.es\/shop\/wp-json\/wp\/v2\/product"}],"about":[{"href":"https:\/\/coterena.es\/shop\/wp-json\/wp\/v2\/types\/product"}],"wp:featuredmedia":[{"embeddable":true,"href":"https:\/\/coterena.es\/shop\/wp-json\/wp\/v2\/media\/10635"}],"wp:attachment":[{"href":"https:\/\/coterena.es\/shop\/wp-json\/wp\/v2\/media?parent=10634"}],"wp:term":[{"taxonomy":"product_cat","embeddable":true,"href":"https:\/\/coterena.es\/shop\/wp-json\/wp\/v2\/product_cat?post=10634"},{"taxonomy":"product_tag","embeddable":true,"href":"https:\/\/coterena.es\/shop\/wp-json\/wp\/v2\/product_tag?post=10634"},{"taxonomy":"modelo","embeddable":true,"href":"https:\/\/coterena.es\/shop\/wp-json\/wp\/v2\/modelo?post=10634"}],"curies":[{"name":"wp","href":"https:\/\/api.w.org\/{rel}","templated":true}]}}