{"id":10846,"date":"2022-08-22T11:01:30","date_gmt":"2022-08-22T11:01:30","guid":{"rendered":"https:\/\/coterena.es\/shop\/?post_type=product&#038;p=10846"},"modified":"2023-04-11T11:54:06","modified_gmt":"2023-04-11T11:54:06","slug":"eje-pinon-de-reductora-reintjes-laf-842-usada","status":"publish","type":"product","link":"https:\/\/coterena.es\/shop\/eje-pinon-de-reductora-reintjes-laf-842-usada\/","title":{"rendered":"Eje de Pi\u00f1\u00f3n Reductora Reintjes LAF 842"},"content":{"rendered":"<p>Eje de Pi\u00f1\u00f3n Reductora Reintjes LAF 842<\/p>\n<p>Eje de pi\u00f1\u00f3n del eje de entrada reductora REINTJES\u00a0 LAF 842. Usado<\/p>\n<p>Modelo: LAF 842<\/p>\n<p>Referencia 876658<\/p>\n<p>Posici\u00f3n: R1<\/p>\n","protected":false},"excerpt":{"rendered":"<p>Eje de Pi\u00f1\u00f3n Reductora Reintjes LAF 842 Eje de pi\u00f1\u00f3n del eje de entrada reductora REINTJES\u00a0 LAF 842. Usado Modelo: LAF 842 Referencia 876658 Posici\u00f3n: R1<\/p>\n","protected":false},"featured_media":10847,"template":"","meta":[],"product_cat":[5916,64],"product_tag":[],"modelo":[],"acf":[],"lang":"es","translations":{"es":10846,"en":11059,"fr":11060},"pll_sync_post":[],"_links":{"self":[{"href":"https:\/\/coterena.es\/shop\/wp-json\/wp\/v2\/product\/10846"}],"collection":[{"href":"https:\/\/coterena.es\/shop\/wp-json\/wp\/v2\/product"}],"about":[{"href":"https:\/\/coterena.es\/shop\/wp-json\/wp\/v2\/types\/product"}],"wp:featuredmedia":[{"embeddable":true,"href":"https:\/\/coterena.es\/shop\/wp-json\/wp\/v2\/media\/10847"}],"wp:attachment":[{"href":"https:\/\/coterena.es\/shop\/wp-json\/wp\/v2\/media?parent=10846"}],"wp:term":[{"taxonomy":"product_cat","embeddable":true,"href":"https:\/\/coterena.es\/shop\/wp-json\/wp\/v2\/product_cat?post=10846"},{"taxonomy":"product_tag","embeddable":true,"href":"https:\/\/coterena.es\/shop\/wp-json\/wp\/v2\/product_tag?post=10846"},{"taxonomy":"modelo","embeddable":true,"href":"https:\/\/coterena.es\/shop\/wp-json\/wp\/v2\/modelo?post=10846"}],"curies":[{"name":"wp","href":"https:\/\/api.w.org\/{rel}","templated":true}]}}