{"id":10949,"date":"2022-08-23T07:03:56","date_gmt":"2022-08-23T07:03:56","guid":{"rendered":"https:\/\/coterena.es\/shop\/?post_type=product&#038;p=10949"},"modified":"2023-04-11T11:54:01","modified_gmt":"2023-04-11T11:54:01","slug":"cazoleta-retardo-reductora-reintjes-laf-842-usada","status":"publish","type":"product","link":"https:\/\/coterena.es\/shop\/cazoleta-retardo-reductora-reintjes-laf-842-usada\/","title":{"rendered":"Cazoleta Retardo Reductora Reintjes LAF 842"},"content":{"rendered":"<p>Cazoleta Retardo Reductora Reintjes LAF 842.<\/p>\n<p>Cazoleta retardo (Posici\u00f3n: H1069) , referencia 731943+ Placa de conexi\u00f3n (Posici\u00f3n: V232) referencia 473537 + Placa intermedia (Posici\u00f3n: V247) referencia 520829 reductora REINTJES LAF 842. Usadas<\/p>\n<p>Piezas Rexroth montadas en reductora REITNJES. Las referencias indicadas son REINTJES.<\/p>\n","protected":false},"excerpt":{"rendered":"<p>Cazoleta Retardo Reductora Reintjes LAF 842. Cazoleta retardo (Posici\u00f3n: H1069) , referencia 731943+ Placa de conexi\u00f3n (Posici\u00f3n: V232) referencia 473537 + Placa intermedia (Posici\u00f3n: V247) referencia 520829 reductora REINTJES LAF 842. Usadas Piezas Rexroth montadas en reductora REITNJES. Las referencias indicadas son REINTJES.<\/p>\n","protected":false},"featured_media":10950,"template":"","meta":[],"product_cat":[64],"product_tag":[],"modelo":[],"acf":[],"lang":"es","translations":{"es":10949,"en":11045,"fr":11046},"pll_sync_post":[],"_links":{"self":[{"href":"https:\/\/coterena.es\/shop\/wp-json\/wp\/v2\/product\/10949"}],"collection":[{"href":"https:\/\/coterena.es\/shop\/wp-json\/wp\/v2\/product"}],"about":[{"href":"https:\/\/coterena.es\/shop\/wp-json\/wp\/v2\/types\/product"}],"wp:featuredmedia":[{"embeddable":true,"href":"https:\/\/coterena.es\/shop\/wp-json\/wp\/v2\/media\/10950"}],"wp:attachment":[{"href":"https:\/\/coterena.es\/shop\/wp-json\/wp\/v2\/media?parent=10949"}],"wp:term":[{"taxonomy":"product_cat","embeddable":true,"href":"https:\/\/coterena.es\/shop\/wp-json\/wp\/v2\/product_cat?post=10949"},{"taxonomy":"product_tag","embeddable":true,"href":"https:\/\/coterena.es\/shop\/wp-json\/wp\/v2\/product_tag?post=10949"},{"taxonomy":"modelo","embeddable":true,"href":"https:\/\/coterena.es\/shop\/wp-json\/wp\/v2\/modelo?post=10949"}],"curies":[{"name":"wp","href":"https:\/\/api.w.org\/{rel}","templated":true}]}}