{"id":10989,"date":"2022-08-19T05:16:58","date_gmt":"2022-08-19T05:16:58","guid":{"rendered":"https:\/\/coterena.es\/shop\/?post_type=product&#038;p=10623"},"modified":"2023-04-12T11:52:58","modified_gmt":"2023-04-12T11:52:58","slug":"assembly-pompe-avant-caterpillar-10r-9838","status":"publish","type":"product","link":"https:\/\/coterena.es\/shop\/assembly-pompe-avant-caterpillar-10r-9838\/","title":{"rendered":"Assembly pompe avant Caterpillar 10R-9838"},"content":{"rendered":"<p>Pompe avant CATERPILLAR 10R-9838. Reconditionn\u00e9<\/p>\n<p>Num\u00e9ro de pi\u00e8ce : 10R-9838<\/p>\n","protected":false},"excerpt":{"rendered":"<p>Pompe avant CATERPILLAR 10R-9838. Reconditionn\u00e9 Num\u00e9ro de pi\u00e8ce : 10R-9838<\/p>\n","protected":false},"featured_media":10626,"template":"","meta":[],"product_cat":[6975,6273,6281],"product_tag":[],"modelo":[],"acf":[],"lang":"fr","translations":{"fr":10989,"es":10623,"en":10988},"pll_sync_post":[],"_links":{"self":[{"href":"https:\/\/coterena.es\/shop\/wp-json\/wp\/v2\/product\/10989"}],"collection":[{"href":"https:\/\/coterena.es\/shop\/wp-json\/wp\/v2\/product"}],"about":[{"href":"https:\/\/coterena.es\/shop\/wp-json\/wp\/v2\/types\/product"}],"wp:featuredmedia":[{"embeddable":true,"href":"https:\/\/coterena.es\/shop\/wp-json\/wp\/v2\/media\/10626"}],"wp:attachment":[{"href":"https:\/\/coterena.es\/shop\/wp-json\/wp\/v2\/media?parent=10989"}],"wp:term":[{"taxonomy":"product_cat","embeddable":true,"href":"https:\/\/coterena.es\/shop\/wp-json\/wp\/v2\/product_cat?post=10989"},{"taxonomy":"product_tag","embeddable":true,"href":"https:\/\/coterena.es\/shop\/wp-json\/wp\/v2\/product_tag?post=10989"},{"taxonomy":"modelo","embeddable":true,"href":"https:\/\/coterena.es\/shop\/wp-json\/wp\/v2\/modelo?post=10989"}],"curies":[{"name":"wp","href":"https:\/\/api.w.org\/{rel}","templated":true}]}}