{"id":11035,"date":"2022-08-19T08:59:24","date_gmt":"2022-08-19T08:59:24","guid":{"rendered":"https:\/\/coterena.es\/shop\/?post_type=product&#038;p=10787"},"modified":"2023-04-10T06:38:40","modified_gmt":"2023-04-10T06:38:40","slug":"compresseur-abc-va-70","status":"publish","type":"product","link":"https:\/\/coterena.es\/shop\/compresseur-abc-va-70\/","title":{"rendered":"COMPRESSEUR ABC VA-70"},"content":{"rendered":"<p>Compresseur d&#8217;air ABC VA-70. Remis \u00e0 neuf. Inclut le moteur \u00e9lectrique ABB<\/p>\n<p>Mod\u00e8le : VA-70<\/p>\n<p>Puissance : 7,5 HP<\/p>\n<p>Vitesse de rotation : 650RPM<\/p>\n","protected":false},"excerpt":{"rendered":"<p>Compresseur d&#8217;air ABC VA-70. Remis \u00e0 neuf. Inclut le moteur \u00e9lectrique ABB Mod\u00e8le : VA-70 Puissance : 7,5 HP Vitesse de rotation : 650RPM<\/p>\n","protected":false},"featured_media":10790,"template":"","meta":[],"product_cat":[6251],"product_tag":[],"modelo":[],"acf":[],"lang":"fr","translations":{"fr":11035,"es":10787,"en":11034},"pll_sync_post":[],"_links":{"self":[{"href":"https:\/\/coterena.es\/shop\/wp-json\/wp\/v2\/product\/11035"}],"collection":[{"href":"https:\/\/coterena.es\/shop\/wp-json\/wp\/v2\/product"}],"about":[{"href":"https:\/\/coterena.es\/shop\/wp-json\/wp\/v2\/types\/product"}],"wp:featuredmedia":[{"embeddable":true,"href":"https:\/\/coterena.es\/shop\/wp-json\/wp\/v2\/media\/10790"}],"wp:attachment":[{"href":"https:\/\/coterena.es\/shop\/wp-json\/wp\/v2\/media?parent=11035"}],"wp:term":[{"taxonomy":"product_cat","embeddable":true,"href":"https:\/\/coterena.es\/shop\/wp-json\/wp\/v2\/product_cat?post=11035"},{"taxonomy":"product_tag","embeddable":true,"href":"https:\/\/coterena.es\/shop\/wp-json\/wp\/v2\/product_tag?post=11035"},{"taxonomy":"modelo","embeddable":true,"href":"https:\/\/coterena.es\/shop\/wp-json\/wp\/v2\/modelo?post=11035"}],"curies":[{"name":"wp","href":"https:\/\/api.w.org\/{rel}","templated":true}]}}