{"id":11037,"date":"2022-08-19T08:48:52","date_gmt":"2022-08-19T08:48:52","guid":{"rendered":"https:\/\/coterena.es\/shop\/?post_type=product&#038;p=10771"},"modified":"2023-04-10T07:45:25","modified_gmt":"2023-04-10T07:45:25","slug":"logement-separateur-alfa-lava-mopx-207","status":"publish","type":"product","link":"https:\/\/coterena.es\/shop\/logement-separateur-alfa-lava-mopx-207\/","title":{"rendered":"Logement s\u00e9parateur ALFA LAVA MOPX 207"},"content":{"rendered":"<p>Bo\u00eetier de l&#8217;\u00e9purateur ALFA LAVAL MOPX 207. usag\u00e9<\/p>\n<p>Mod\u00e8le : MOPX 207<\/p>\n","protected":false},"excerpt":{"rendered":"<p>Bo\u00eetier de l&#8217;\u00e9purateur ALFA LAVAL MOPX 207. usag\u00e9 Mod\u00e8le : MOPX 207<\/p>\n","protected":false},"featured_media":14535,"template":"","meta":[],"product_cat":[6899,6257],"product_tag":[],"modelo":[],"acf":[],"lang":"fr","translations":{"fr":11037,"es":10771,"en":11036},"pll_sync_post":[],"_links":{"self":[{"href":"https:\/\/coterena.es\/shop\/wp-json\/wp\/v2\/product\/11037"}],"collection":[{"href":"https:\/\/coterena.es\/shop\/wp-json\/wp\/v2\/product"}],"about":[{"href":"https:\/\/coterena.es\/shop\/wp-json\/wp\/v2\/types\/product"}],"wp:featuredmedia":[{"embeddable":true,"href":"https:\/\/coterena.es\/shop\/wp-json\/wp\/v2\/media\/14535"}],"wp:attachment":[{"href":"https:\/\/coterena.es\/shop\/wp-json\/wp\/v2\/media?parent=11037"}],"wp:term":[{"taxonomy":"product_cat","embeddable":true,"href":"https:\/\/coterena.es\/shop\/wp-json\/wp\/v2\/product_cat?post=11037"},{"taxonomy":"product_tag","embeddable":true,"href":"https:\/\/coterena.es\/shop\/wp-json\/wp\/v2\/product_tag?post=11037"},{"taxonomy":"modelo","embeddable":true,"href":"https:\/\/coterena.es\/shop\/wp-json\/wp\/v2\/modelo?post=11037"}],"curies":[{"name":"wp","href":"https:\/\/api.w.org\/{rel}","templated":true}]}}