{"id":11044,"date":"2022-08-23T07:14:00","date_gmt":"2022-08-23T07:14:00","guid":{"rendered":"https:\/\/coterena.es\/shop\/?post_type=product&#038;p=10965"},"modified":"2023-04-24T07:24:53","modified_gmt":"2023-04-24T07:24:53","slug":"filtre-dhuile-sur-reducteur-reintjes-laf-842","status":"publish","type":"product","link":"https:\/\/coterena.es\/shop\/filtre-dhuile-sur-reducteur-reintjes-laf-842\/","title":{"rendered":"Filtre d\u00b4huile s\u00fbr reducteur REINTJES LAF 842"},"content":{"rendered":"<p>Filtre \u00e0 huile HYDAC mont\u00e9 sur le r\u00e9ducteur Reintjes LAF 842. D\u00b4ocassion<\/p>\n<p>Mod\u00e8le : LAF 842<\/p>\n<p>Num\u00e9ro de pi\u00e8ce ; 395498<\/p>\n<p>Position A3<\/p>\n","protected":false},"excerpt":{"rendered":"<p>Filtre \u00e0 huile HYDAC mont\u00e9 sur le r\u00e9ducteur Reintjes LAF 842. D\u00b4ocassion Mod\u00e8le : LAF 842 Num\u00e9ro de pi\u00e8ce ; 395498 Position A3<\/p>\n","protected":false},"featured_media":10968,"template":"","meta":[],"product_cat":[6277],"product_tag":[],"modelo":[],"acf":[],"lang":"fr","translations":{"fr":11044,"es":10965,"en":11043},"pll_sync_post":[],"_links":{"self":[{"href":"https:\/\/coterena.es\/shop\/wp-json\/wp\/v2\/product\/11044"}],"collection":[{"href":"https:\/\/coterena.es\/shop\/wp-json\/wp\/v2\/product"}],"about":[{"href":"https:\/\/coterena.es\/shop\/wp-json\/wp\/v2\/types\/product"}],"wp:featuredmedia":[{"embeddable":true,"href":"https:\/\/coterena.es\/shop\/wp-json\/wp\/v2\/media\/10968"}],"wp:attachment":[{"href":"https:\/\/coterena.es\/shop\/wp-json\/wp\/v2\/media?parent=11044"}],"wp:term":[{"taxonomy":"product_cat","embeddable":true,"href":"https:\/\/coterena.es\/shop\/wp-json\/wp\/v2\/product_cat?post=11044"},{"taxonomy":"product_tag","embeddable":true,"href":"https:\/\/coterena.es\/shop\/wp-json\/wp\/v2\/product_tag?post=11044"},{"taxonomy":"modelo","embeddable":true,"href":"https:\/\/coterena.es\/shop\/wp-json\/wp\/v2\/modelo?post=11044"}],"curies":[{"name":"wp","href":"https:\/\/api.w.org\/{rel}","templated":true}]}}