{"id":11046,"date":"2022-08-23T07:03:56","date_gmt":"2022-08-23T07:03:56","guid":{"rendered":"https:\/\/coterena.es\/shop\/?post_type=product&#038;p=10949"},"modified":"2023-04-24T07:08:16","modified_gmt":"2023-04-24T07:08:16","slug":"bouchon-reducteur-reintjes-laf-842","status":"publish","type":"product","link":"https:\/\/coterena.es\/shop\/bouchon-reducteur-reintjes-laf-842\/","title":{"rendered":"Bouchon de temporisation de commutation + Plaque de connexion + Plaque interm\u00e9diare reducteur REINTJES LAF 842"},"content":{"rendered":"<p>Bouchon de temporisation de commutation (Position: H1069) , r\u00e9fer\u00e9nce 731943+ Plaque de connexion (Position: V232) r\u00e9f\u00e9rence 473537 + Plaque interm\u00e9diare (Position: V247) r\u00e9f\u00e9rence 520829 reducteur REINTJES LAF 842. D\u00b4ocassion<\/p>\n<p>Les pi\u00e8ces sont\u00a0 Rexroth mont\u00e9es sur un reducteur REITNJES. R\u00e9f\u00e9rences sont REINTJES.<\/p>\n","protected":false},"excerpt":{"rendered":"<p>Bouchon de temporisation de commutation (Position: H1069) , r\u00e9fer\u00e9nce 731943+ Plaque de connexion (Position: V232) r\u00e9f\u00e9rence 473537 + Plaque interm\u00e9diare (Position: V247) r\u00e9f\u00e9rence 520829 reducteur REINTJES LAF 842. D\u00b4ocassion Les pi\u00e8ces sont\u00a0 Rexroth mont\u00e9es sur un reducteur REITNJES. R\u00e9f\u00e9rences sont REINTJES.<\/p>\n","protected":false},"featured_media":10952,"template":"","meta":[],"product_cat":[6277],"product_tag":[],"modelo":[],"acf":[],"lang":"fr","translations":{"fr":11046,"es":10949,"en":11045},"pll_sync_post":[],"_links":{"self":[{"href":"https:\/\/coterena.es\/shop\/wp-json\/wp\/v2\/product\/11046"}],"collection":[{"href":"https:\/\/coterena.es\/shop\/wp-json\/wp\/v2\/product"}],"about":[{"href":"https:\/\/coterena.es\/shop\/wp-json\/wp\/v2\/types\/product"}],"wp:featuredmedia":[{"embeddable":true,"href":"https:\/\/coterena.es\/shop\/wp-json\/wp\/v2\/media\/10952"}],"wp:attachment":[{"href":"https:\/\/coterena.es\/shop\/wp-json\/wp\/v2\/media?parent=11046"}],"wp:term":[{"taxonomy":"product_cat","embeddable":true,"href":"https:\/\/coterena.es\/shop\/wp-json\/wp\/v2\/product_cat?post=11046"},{"taxonomy":"product_tag","embeddable":true,"href":"https:\/\/coterena.es\/shop\/wp-json\/wp\/v2\/product_tag?post=11046"},{"taxonomy":"modelo","embeddable":true,"href":"https:\/\/coterena.es\/shop\/wp-json\/wp\/v2\/modelo?post=11046"}],"curies":[{"name":"wp","href":"https:\/\/api.w.org\/{rel}","templated":true}]}}