{"id":11056,"date":"2022-08-22T12:16:52","date_gmt":"2022-08-22T12:16:52","guid":{"rendered":"https:\/\/coterena.es\/shop\/?post_type=product&#038;p=10870"},"modified":"2023-04-24T07:23:27","modified_gmt":"2023-04-24T07:23:27","slug":"arbre-de-transmission-reitnjes-laf-842","status":"publish","type":"product","link":"https:\/\/coterena.es\/shop\/arbre-de-transmission-reitnjes-laf-842\/","title":{"rendered":"Arbre de transmission REITNJES LAF 842"},"content":{"rendered":"<p>REINTJES LAF 842 R\u00e9ducteur Arbre d&#8217;entr\u00e9e Arbre d&#8217;entra\u00eenement. D\u00b4ocassion<\/p>\n<p>Mod\u00e8le : LAF 842<\/p>\n<p>Num\u00e9ro de pi\u00e8ce : 781363<\/p>\n<p>Position : W381<\/p>\n","protected":false},"excerpt":{"rendered":"<p>REINTJES LAF 842 R\u00e9ducteur Arbre d&#8217;entr\u00e9e Arbre d&#8217;entra\u00eenement. D\u00b4ocassion Mod\u00e8le : LAF 842 Num\u00e9ro de pi\u00e8ce : 781363 Position : W381<\/p>\n","protected":false},"featured_media":10873,"template":"","meta":[],"product_cat":[7029,6277],"product_tag":[],"modelo":[],"acf":[],"lang":"fr","translations":{"fr":11056,"es":10870,"en":11055},"pll_sync_post":[],"_links":{"self":[{"href":"https:\/\/coterena.es\/shop\/wp-json\/wp\/v2\/product\/11056"}],"collection":[{"href":"https:\/\/coterena.es\/shop\/wp-json\/wp\/v2\/product"}],"about":[{"href":"https:\/\/coterena.es\/shop\/wp-json\/wp\/v2\/types\/product"}],"wp:featuredmedia":[{"embeddable":true,"href":"https:\/\/coterena.es\/shop\/wp-json\/wp\/v2\/media\/10873"}],"wp:attachment":[{"href":"https:\/\/coterena.es\/shop\/wp-json\/wp\/v2\/media?parent=11056"}],"wp:term":[{"taxonomy":"product_cat","embeddable":true,"href":"https:\/\/coterena.es\/shop\/wp-json\/wp\/v2\/product_cat?post=11056"},{"taxonomy":"product_tag","embeddable":true,"href":"https:\/\/coterena.es\/shop\/wp-json\/wp\/v2\/product_tag?post=11056"},{"taxonomy":"modelo","embeddable":true,"href":"https:\/\/coterena.es\/shop\/wp-json\/wp\/v2\/modelo?post=11056"}],"curies":[{"name":"wp","href":"https:\/\/api.w.org\/{rel}","templated":true}]}}