{"id":11058,"date":"2022-08-22T11:50:48","date_gmt":"2022-08-22T11:50:48","guid":{"rendered":"https:\/\/coterena.es\/shop\/?post_type=product&#038;p=10854"},"modified":"2023-04-24T07:17:25","modified_gmt":"2023-04-24T07:17:25","slug":"arbre-dentree-reintjes-laf-842","status":"publish","type":"product","link":"https:\/\/coterena.es\/shop\/arbre-dentree-reintjes-laf-842\/","title":{"rendered":"Arbre d\u00b4entr\u00e9e REINTJES LAF 842"},"content":{"rendered":"<p>Arbre d\u00b4entr\u00e9e REINTJES LAF 842. D\u00b4ocassion<\/p>\n<p>Mod\u00e8le : LAF 842<\/p>\n<p>Num\u00e9ro de pi\u00e8ce: 849618<\/p>\n<p>Position : W1<\/p>\n","protected":false},"excerpt":{"rendered":"<p>Arbre d\u00b4entr\u00e9e REINTJES LAF 842. D\u00b4ocassion Mod\u00e8le : LAF 842 Num\u00e9ro de pi\u00e8ce: 849618 Position : W1<\/p>\n","protected":false},"featured_media":10857,"template":"","meta":[],"product_cat":[7029,6277],"product_tag":[],"modelo":[],"acf":[],"lang":"fr","translations":{"fr":11058,"es":10854,"en":11057},"pll_sync_post":[],"_links":{"self":[{"href":"https:\/\/coterena.es\/shop\/wp-json\/wp\/v2\/product\/11058"}],"collection":[{"href":"https:\/\/coterena.es\/shop\/wp-json\/wp\/v2\/product"}],"about":[{"href":"https:\/\/coterena.es\/shop\/wp-json\/wp\/v2\/types\/product"}],"wp:featuredmedia":[{"embeddable":true,"href":"https:\/\/coterena.es\/shop\/wp-json\/wp\/v2\/media\/10857"}],"wp:attachment":[{"href":"https:\/\/coterena.es\/shop\/wp-json\/wp\/v2\/media?parent=11058"}],"wp:term":[{"taxonomy":"product_cat","embeddable":true,"href":"https:\/\/coterena.es\/shop\/wp-json\/wp\/v2\/product_cat?post=11058"},{"taxonomy":"product_tag","embeddable":true,"href":"https:\/\/coterena.es\/shop\/wp-json\/wp\/v2\/product_tag?post=11058"},{"taxonomy":"modelo","embeddable":true,"href":"https:\/\/coterena.es\/shop\/wp-json\/wp\/v2\/modelo?post=11058"}],"curies":[{"name":"wp","href":"https:\/\/api.w.org\/{rel}","templated":true}]}}