{"id":11064,"date":"2022-08-22T10:51:08","date_gmt":"2022-08-22T10:51:08","guid":{"rendered":"https:\/\/coterena.es\/shop\/?post_type=product&#038;p=10830"},"modified":"2023-04-24T07:35:25","modified_gmt":"2023-04-24T07:35:25","slug":"support-dembrayage-reducteur-reintjes-laf-482","status":"publish","type":"product","link":"https:\/\/coterena.es\/shop\/support-dembrayage-reducteur-reintjes-laf-482\/","title":{"rendered":"Support d&#8217;embrayage reducteur REINTJES LAF 482"},"content":{"rendered":"<p>Support d&#8217;embrayage du r\u00e9ducteur Reintjes LAF 842.<\/p>\n<p>Support d&#8217;embrayage d&#8217;arbre d&#8217;entr\u00e9e du r\u00e9ducteur REINTJES LAF 842. D\u00b4ocassion<\/p>\n<p>Mod\u00e8le : LAF 842<\/p>\n<p>Num\u00e9ro de pi\u00e8ce : 390160<\/p>\n<p>Position K1<\/p>\n","protected":false},"excerpt":{"rendered":"<p>Support d&#8217;embrayage du r\u00e9ducteur Reintjes LAF 842. Support d&#8217;embrayage d&#8217;arbre d&#8217;entr\u00e9e du r\u00e9ducteur REINTJES LAF 842. D\u00b4ocassion Mod\u00e8le : LAF 842 Num\u00e9ro de pi\u00e8ce : 390160 Position K1<\/p>\n","protected":false},"featured_media":10833,"template":"","meta":[],"product_cat":[7029,6277],"product_tag":[],"modelo":[],"acf":[],"lang":"fr","translations":{"fr":11064,"es":10830,"en":11063},"pll_sync_post":[],"_links":{"self":[{"href":"https:\/\/coterena.es\/shop\/wp-json\/wp\/v2\/product\/11064"}],"collection":[{"href":"https:\/\/coterena.es\/shop\/wp-json\/wp\/v2\/product"}],"about":[{"href":"https:\/\/coterena.es\/shop\/wp-json\/wp\/v2\/types\/product"}],"wp:featuredmedia":[{"embeddable":true,"href":"https:\/\/coterena.es\/shop\/wp-json\/wp\/v2\/media\/10833"}],"wp:attachment":[{"href":"https:\/\/coterena.es\/shop\/wp-json\/wp\/v2\/media?parent=11064"}],"wp:term":[{"taxonomy":"product_cat","embeddable":true,"href":"https:\/\/coterena.es\/shop\/wp-json\/wp\/v2\/product_cat?post=11064"},{"taxonomy":"product_tag","embeddable":true,"href":"https:\/\/coterena.es\/shop\/wp-json\/wp\/v2\/product_tag?post=11064"},{"taxonomy":"modelo","embeddable":true,"href":"https:\/\/coterena.es\/shop\/wp-json\/wp\/v2\/modelo?post=11064"}],"curies":[{"name":"wp","href":"https:\/\/api.w.org\/{rel}","templated":true}]}}