{"id":11317,"date":"2022-10-03T11:20:40","date_gmt":"2022-10-03T11:20:40","guid":{"rendered":"https:\/\/coterena.es\/shop\/?post_type=product&#038;p=11231"},"modified":"2023-04-11T11:58:39","modified_gmt":"2023-04-11T11:58:39","slug":"ensamble-collecteur-guascor","status":"publish","type":"product","link":"https:\/\/coterena.es\/shop\/ensamble-collecteur-guascor\/","title":{"rendered":"Ensamble collecteur Guascor 16.40.120"},"content":{"rendered":"<p>Collecteur d&#8217;\u00e9chappement GUASCOR 16.40.120. Reconditionn\u00e9<\/p>\n<p>Num\u00e9ro de pi\u00e8ce:16.40.120<\/p>\n","protected":false},"excerpt":{"rendered":"<p>Collecteur d&#8217;\u00e9chappement GUASCOR 16.40.120. Reconditionn\u00e9 Num\u00e9ro de pi\u00e8ce:16.40.120<\/p>\n","protected":false},"featured_media":11234,"template":"","meta":[],"product_cat":[6989,6273],"product_tag":[],"modelo":[],"acf":[],"lang":"fr","translations":{"fr":11317,"es":11231,"en":11316},"pll_sync_post":[],"_links":{"self":[{"href":"https:\/\/coterena.es\/shop\/wp-json\/wp\/v2\/product\/11317"}],"collection":[{"href":"https:\/\/coterena.es\/shop\/wp-json\/wp\/v2\/product"}],"about":[{"href":"https:\/\/coterena.es\/shop\/wp-json\/wp\/v2\/types\/product"}],"wp:featuredmedia":[{"embeddable":true,"href":"https:\/\/coterena.es\/shop\/wp-json\/wp\/v2\/media\/11234"}],"wp:attachment":[{"href":"https:\/\/coterena.es\/shop\/wp-json\/wp\/v2\/media?parent=11317"}],"wp:term":[{"taxonomy":"product_cat","embeddable":true,"href":"https:\/\/coterena.es\/shop\/wp-json\/wp\/v2\/product_cat?post=11317"},{"taxonomy":"product_tag","embeddable":true,"href":"https:\/\/coterena.es\/shop\/wp-json\/wp\/v2\/product_tag?post=11317"},{"taxonomy":"modelo","embeddable":true,"href":"https:\/\/coterena.es\/shop\/wp-json\/wp\/v2\/modelo?post=11317"}],"curies":[{"name":"wp","href":"https:\/\/api.w.org\/{rel}","templated":true}]}}