{"id":11319,"date":"2022-10-03T10:53:30","date_gmt":"2022-10-03T10:53:30","guid":{"rendered":"https:\/\/coterena.es\/shop\/?post_type=product&#038;p=11218"},"modified":"2023-04-11T05:31:04","modified_gmt":"2023-04-11T05:31:04","slug":"bloc-moteur-caterpillar-3306","status":"publish","type":"product","link":"https:\/\/coterena.es\/shop\/bloc-moteur-caterpillar-3306\/","title":{"rendered":"Bloc moteur CATERPILLAR 3306"},"content":{"rendered":"<p>Bloc moteur CATERPILLAR 3306. D\u00b4ocassion<\/p>\n<p>Bloc moteur Caterpillar mod\u00e8le 3306, vendu d&#8217;occasion aux dimensions standard.<\/p>\n<p>Num\u00e9ro de pi\u00e8ce : 1N-3576<\/p>\n","protected":false},"excerpt":{"rendered":"<p>Bloc moteur CATERPILLAR 3306. D\u00b4ocassion Bloc moteur Caterpillar mod\u00e8le 3306, vendu d&#8217;occasion aux dimensions standard. Num\u00e9ro de pi\u00e8ce : 1N-3576<\/p>\n","protected":false},"featured_media":11221,"template":"","meta":[],"product_cat":[6945,6273],"product_tag":[],"modelo":[],"acf":[],"lang":"fr","translations":{"fr":11319,"es":11218,"en":11318},"pll_sync_post":[],"_links":{"self":[{"href":"https:\/\/coterena.es\/shop\/wp-json\/wp\/v2\/product\/11319"}],"collection":[{"href":"https:\/\/coterena.es\/shop\/wp-json\/wp\/v2\/product"}],"about":[{"href":"https:\/\/coterena.es\/shop\/wp-json\/wp\/v2\/types\/product"}],"wp:featuredmedia":[{"embeddable":true,"href":"https:\/\/coterena.es\/shop\/wp-json\/wp\/v2\/media\/11221"}],"wp:attachment":[{"href":"https:\/\/coterena.es\/shop\/wp-json\/wp\/v2\/media?parent=11319"}],"wp:term":[{"taxonomy":"product_cat","embeddable":true,"href":"https:\/\/coterena.es\/shop\/wp-json\/wp\/v2\/product_cat?post=11319"},{"taxonomy":"product_tag","embeddable":true,"href":"https:\/\/coterena.es\/shop\/wp-json\/wp\/v2\/product_tag?post=11319"},{"taxonomy":"modelo","embeddable":true,"href":"https:\/\/coterena.es\/shop\/wp-json\/wp\/v2\/modelo?post=11319"}],"curies":[{"name":"wp","href":"https:\/\/api.w.org\/{rel}","templated":true}]}}