{"id":11321,"date":"2022-10-03T10:42:16","date_gmt":"2022-10-03T10:42:16","guid":{"rendered":"https:\/\/coterena.es\/shop\/?post_type=product&#038;p=11206"},"modified":"2023-04-11T05:29:39","modified_gmt":"2023-04-11T05:29:39","slug":"bloc-moteur-caterpillar-3508","status":"publish","type":"product","link":"https:\/\/coterena.es\/shop\/bloc-moteur-caterpillar-3508\/","title":{"rendered":"Bloc moteur CATERPILLAR 3508"},"content":{"rendered":"<p>Bloc moteur CATERPILLAR 3508. D\u00b4ocassion<\/p>\n<p>Bloc d&#8217;un moteur Caterpillar mod\u00e8le 3508, vendu d&#8217;occasion \u00e0 la taille standard.<\/p>\n<p>R\u00e9f\u00e9rence:106-2778<\/p>\n","protected":false},"excerpt":{"rendered":"<p>Bloc moteur CATERPILLAR 3508. D\u00b4ocassion Bloc d&#8217;un moteur Caterpillar mod\u00e8le 3508, vendu d&#8217;occasion \u00e0 la taille standard. R\u00e9f\u00e9rence:106-2778<\/p>\n","protected":false},"featured_media":11211,"template":"","meta":[],"product_cat":[6945,6273],"product_tag":[],"modelo":[],"acf":[],"lang":"fr","translations":{"fr":11321,"es":11206,"en":11320},"pll_sync_post":[],"_links":{"self":[{"href":"https:\/\/coterena.es\/shop\/wp-json\/wp\/v2\/product\/11321"}],"collection":[{"href":"https:\/\/coterena.es\/shop\/wp-json\/wp\/v2\/product"}],"about":[{"href":"https:\/\/coterena.es\/shop\/wp-json\/wp\/v2\/types\/product"}],"wp:featuredmedia":[{"embeddable":true,"href":"https:\/\/coterena.es\/shop\/wp-json\/wp\/v2\/media\/11211"}],"wp:attachment":[{"href":"https:\/\/coterena.es\/shop\/wp-json\/wp\/v2\/media?parent=11321"}],"wp:term":[{"taxonomy":"product_cat","embeddable":true,"href":"https:\/\/coterena.es\/shop\/wp-json\/wp\/v2\/product_cat?post=11321"},{"taxonomy":"product_tag","embeddable":true,"href":"https:\/\/coterena.es\/shop\/wp-json\/wp\/v2\/product_tag?post=11321"},{"taxonomy":"modelo","embeddable":true,"href":"https:\/\/coterena.es\/shop\/wp-json\/wp\/v2\/modelo?post=11321"}],"curies":[{"name":"wp","href":"https:\/\/api.w.org\/{rel}","templated":true}]}}