{"id":13202,"date":"2023-03-01T12:25:41","date_gmt":"2023-03-01T12:25:41","guid":{"rendered":"https:\/\/coterena.es\/shop\/?post_type=product&#038;p=13202"},"modified":"2023-04-04T06:45:36","modified_gmt":"2023-04-04T06:45:36","slug":"torsiometro-cotv2-coterena-nuevo","status":"publish","type":"product","link":"https:\/\/coterena.es\/shop\/torsiometro-cotv2-coterena-nuevo\/","title":{"rendered":"Torsi\u00f3metro COTV2 Coterena"},"content":{"rendered":"<p>Torsi\u00f3metro COTV2 Coterena. Nuevo<\/p>\n<p>El torsi\u00f3metro COTV2 consta de dos elementos b\u00e1sicos de funcionamiento:<\/p>\n<p><strong>M\u00d3DULO EMISOR<\/strong><br \/>\nEl m\u00f3dulo emisor permite la conexi\u00f3n de hasta cuatro sensores de medida (potencia, flexi\u00f3n&#8230;). Para ello dispone de cuatro canales de medici\u00f3n independientes. A continuaci\u00f3n se enumeran las funciones<br \/>\nprincipales del m\u00f3dulo emisor:<br \/>\n\u2022 Alimentaci\u00f3n independiente para cada sensor de medida, con un valor de 2.5 Vdc.<br \/>\n\u2022 Acondicionamiento independiente de la se\u00f1al de cada uno de los sensores. Es posible modificar tanto la ganancia como el offset de cada canal de medida.<br \/>\n\u2022 Conversi\u00f3n anal\u00f3gico \u2013 digital simult\u00e1nea de los cuatro canales de medida con una resoluci\u00f3n de 15 bits (2^15 = 32768 ptos) y frecuencia de muestreo programable desde 0.25ksps hasta 64ksps.<br \/>\n\u2022 Procesado digital de la se\u00f1al de cada canal de medida con m\u00f3dulo DSP.<br \/>\n\u2022 Determinaci\u00f3n del r\u00e9gimen de giro (en el caso de un eje).<br \/>\n\u2022 Transmisi\u00f3n inal\u00e1mbrica de la se\u00f1al al m\u00f3dulo receptor mediante tecnolog\u00eda Bluetooth.<br \/>\n\u2022 Sensor espec\u00edfico de temperatura incorporado.<br \/>\n\u2022 Alimentaci\u00f3n del m\u00f3dulo con bater\u00eda, desde 4 Vdc hasta 18 Vdc (aunque es preferible una tensi\u00f3n de alimentaci\u00f3n lo m\u00e1s pr\u00f3xima a 4 Vdc).<\/p>\n<p><strong>Especificaciones t\u00e9cnicas:<\/strong><\/p>\n<p>Tensi\u00f3n de alimentaci\u00f3n: 6,5 a 26 Vdc<br \/>\nConsumo de corriente (con galga de 350 ohm):<br \/>\nTransmitiendo datos: 200 mA<br \/>\nEn standby (sin alimentar galga): 80 mA<br \/>\nTensi\u00f3n de excitaci\u00f3n de la galga: 2.5 Vdc (\u00b10.08%, 5 ppm\/0C)<br \/>\nCorriente de salida disponible: 100 mA (m\u00e1x.)<br \/>\nResistencia de galga: 350 a 1000 ohm<br \/>\nRango tensi\u00f3n entrada (\u00b1S a \u2013E): 0.6 a 3.8 V<br \/>\nTensi\u00f3n de offset de entrada: 2V<br \/>\nDeriva tensi\u00f3n de offset de entrada: 65 nV\/0C<br \/>\nPrecisi\u00f3n ganancia diferencial: 1.6 % (m\u00e1x.)<br \/>\nCoeficiente t0 ganancia diferencial: 15 ppm\/0C<br \/>\nRelaci\u00f3n de rechazo en modo com\u00fan (CMRR): 96 dB (m\u00edn.)<br \/>\nResoluci\u00f3n ADC canales medida: 15 bits (2^15 = 32768 ptos)<br \/>\nFrecuencia de muestreo: 0.25ksps a 64ksps<br \/>\nRelaci\u00f3n se\u00f1al \u2013 ruido (SNR): 94.5 dB<br \/>\nAncho de banda de se\u00f1al (-3 dB): 0.055 a 13.5 kHz<br \/>\nResoluci\u00f3n ADC sensor velocidad: 12 bits (2^12 = 4096 ptos)<br \/>\nFrecuencia de muestreo: 500 ksps (m\u00e1x.)<br \/>\nRelaci\u00f3n se\u00f1al \u2013 ruido \u2013 distorsi\u00f3n (SINAD): 69.5 dB<br \/>\nRango de velocidad de giro: 2 a 2000 rpm<br \/>\nResoluci\u00f3n ADC sensor t0y voltaje: 12 bits (2^12 = 4096 ptos)<br \/>\nFrecuencia de muestreo: 500 ksps (m\u00e1x.)<br \/>\nRelaci\u00f3n se\u00f1al \u2013 ruido \u2013 distorsi\u00f3n (SINAD): 69.5 dB<br \/>\nRango de medida de temperatura: \u201330 a 85 0C<br \/>\nRango de medida de voltaje: 0 a 32.0 V<br \/>\nAntena de transmisi\u00f3n de datos: Bluetooth v4.0 (2.4 GHz)<br \/>\nAlcance antena: 300 m (m\u00e1x.)<br \/>\nRango de temperatura de funcionamiento: -30 a 85 0C<br \/>\nDimensiones: 96 mm x 60 mm x 15 mm<br \/>\nPeso (sin bater\u00eda): 100 gramos<\/p>\n<p><strong>M\u00d3DULO RECEPTOR<\/strong><\/p>\n<p>El m\u00f3dulo receptor permite establecer el enlace con el m\u00f3dulo emisor para su control y operaci\u00f3n. Adem\u00e1s, sirve como interface para la conexi\u00f3n del torsi\u00f3metro con un equipo de control o adquisici\u00f3n de datos, p.ej. un PC o un aut\u00f3mata.<br \/>\n\u2022 Dispone de dos puertos de comunicaciones: un puerto serie RS232 y un puerto Ethernet:<br \/>\n\u2022 Puerto serie RS232 con los siguientes par\u00e1metros de comunicaci\u00f3n: velocidad de datos 115000 baudios, 8 bits de datos, no paridad, 1 bit de stop, no control de comunicaci\u00f3n.<br \/>\n\u2022 Puerto Ethernet: compatible con\u00a0 redes 10\/100\/1000Base-T. El protocolo de comunicaci\u00f3n implementado es TCP\/IP. Por otro lado tambi\u00e9n es posible la conexi\u00f3n de una pantalla gr\u00e1fica LCD de 128&#215;64 p\u00edxeles. El tama\u00f1o de la pantalla es 68x51mm. La tensi\u00f3n de alimentaci\u00f3n del m\u00f3dulo receptor es de 24 Vdc. En alguna aplicaci\u00f3n especial se puede prescindir del m\u00f3dulo receptor. En este caso es necesario disponer de un PC (port\u00e1til, sobremesa, industrial o embebido) con puerto de comunicaciones Bluetooth. Tambi\u00e9n ser\u00e1 necesario la instalaci\u00f3n un software adecuado a la aplicaci\u00f3n.<\/p>\n<p><strong>Especificaciones T\u00e9cnicas<\/strong><br \/>\nTensi\u00f3n de alimentaci\u00f3n: 24 Vdc<br \/>\nConsumo de corriente: 150 mA<br \/>\nPuerto RS232:<br \/>\nVelocidad de datos: 115.000 baudios<br \/>\nBits de datos: 8<br \/>\nParidad: no paridad<br \/>\nBits de stop: 1<br \/>\nControl de flujo: no<br \/>\nPuerto Ethernet:<br \/>\nRed: 10 Base-T (compatible con<br \/>\nredes 10\/100\/1000Base-T)<br \/>\nProtocolo: TCP\/IP<br \/>\nModo comunicaci\u00f3n: Full y Half-duplex<br \/>\nDirecci\u00f3n IP: 192.168.0.xxx<br \/>\nM\u00e1scara de red: 255.255.255.0<br \/>\nDisplay gr\u00e1fico LCD:<br \/>\nResoluci\u00f3n: 128&#215;64 p\u00edxeles<br \/>\n(8&#215;21 caracteres)<br \/>\nDimensiones: 68 mm x 51 mm<br \/>\nAntena de transmisi\u00f3n de datos: Bluetooth v4.0 (2.4 GHz)<br \/>\nAlcance antena: 300 m (m\u00e1x.)<br \/>\nRango de temperatura<br \/>\nde funcionamiento: &#8211; -20 a 70 0C<br \/>\nDimensiones: 70 mm x 80 mm x 40 mm<br \/>\nPeso (sin display): 100 gramos<\/p>\n","protected":false},"excerpt":{"rendered":"<p>Torsi\u00f3metro COTV2 Coterena. Nuevo El torsi\u00f3metro COTV2 consta de dos elementos b\u00e1sicos de funcionamiento: M\u00d3DULO EMISOR El m\u00f3dulo emisor permite la conexi\u00f3n de hasta cuatro sensores de medida (potencia, flexi\u00f3n&#8230;). Para ello dispone de cuatro canales de medici\u00f3n independientes. A continuaci\u00f3n se enumeran las funciones principales del m\u00f3dulo emisor: \u2022 Alimentaci\u00f3n independiente para cada sensor [&hellip;]<\/p>\n","protected":false},"featured_media":13211,"template":"","meta":[],"product_cat":[5894],"product_tag":[],"modelo":[],"acf":[],"lang":"es","translations":{"es":13202},"pll_sync_post":[],"_links":{"self":[{"href":"https:\/\/coterena.es\/shop\/wp-json\/wp\/v2\/product\/13202"}],"collection":[{"href":"https:\/\/coterena.es\/shop\/wp-json\/wp\/v2\/product"}],"about":[{"href":"https:\/\/coterena.es\/shop\/wp-json\/wp\/v2\/types\/product"}],"wp:featuredmedia":[{"embeddable":true,"href":"https:\/\/coterena.es\/shop\/wp-json\/wp\/v2\/media\/13211"}],"wp:attachment":[{"href":"https:\/\/coterena.es\/shop\/wp-json\/wp\/v2\/media?parent=13202"}],"wp:term":[{"taxonomy":"product_cat","embeddable":true,"href":"https:\/\/coterena.es\/shop\/wp-json\/wp\/v2\/product_cat?post=13202"},{"taxonomy":"product_tag","embeddable":true,"href":"https:\/\/coterena.es\/shop\/wp-json\/wp\/v2\/product_tag?post=13202"},{"taxonomy":"modelo","embeddable":true,"href":"https:\/\/coterena.es\/shop\/wp-json\/wp\/v2\/modelo?post=13202"}],"curies":[{"name":"wp","href":"https:\/\/api.w.org\/{rel}","templated":true}]}}