{"id":14602,"date":"2023-04-10T08:49:24","date_gmt":"2023-04-10T08:49:24","guid":{"rendered":"https:\/\/coterena.es\/shop\/?post_type=product&#038;p=14602"},"modified":"2023-04-10T08:49:40","modified_gmt":"2023-04-10T08:49:40","slug":"indicador-revoluciones-propulsion-wartsila","status":"publish","type":"product","link":"https:\/\/coterena.es\/shop\/indicador-revoluciones-propulsion-wartsila\/","title":{"rendered":"Indicador de revoluciones de propulsi\u00f3n W\u00c4RTSIL\u00c4"},"content":{"rendered":"<p>Indicador de revoluciones de propulsi\u00f3n W\u00c4RTSIL\u00c4<\/p>\n<p>Referencia: 1911941<\/p>\n<p>Medidas: 90X90mm<\/p>\n<p>Voltaje: 24V<\/p>\n","protected":false},"excerpt":{"rendered":"<p>Indicador de revoluciones de propulsi\u00f3n W\u00c4RTSIL\u00c4 Referencia: 1911941 Medidas: 90X90mm Voltaje: 24V<\/p>\n","protected":false},"featured_media":14603,"template":"","meta":[],"product_cat":[107],"product_tag":[],"modelo":[],"acf":[],"lang":"es","translations":{"es":14602,"en":14612,"fr":14614},"pll_sync_post":[],"_links":{"self":[{"href":"https:\/\/coterena.es\/shop\/wp-json\/wp\/v2\/product\/14602"}],"collection":[{"href":"https:\/\/coterena.es\/shop\/wp-json\/wp\/v2\/product"}],"about":[{"href":"https:\/\/coterena.es\/shop\/wp-json\/wp\/v2\/types\/product"}],"wp:featuredmedia":[{"embeddable":true,"href":"https:\/\/coterena.es\/shop\/wp-json\/wp\/v2\/media\/14603"}],"wp:attachment":[{"href":"https:\/\/coterena.es\/shop\/wp-json\/wp\/v2\/media?parent=14602"}],"wp:term":[{"taxonomy":"product_cat","embeddable":true,"href":"https:\/\/coterena.es\/shop\/wp-json\/wp\/v2\/product_cat?post=14602"},{"taxonomy":"product_tag","embeddable":true,"href":"https:\/\/coterena.es\/shop\/wp-json\/wp\/v2\/product_tag?post=14602"},{"taxonomy":"modelo","embeddable":true,"href":"https:\/\/coterena.es\/shop\/wp-json\/wp\/v2\/modelo?post=14602"}],"curies":[{"name":"wp","href":"https:\/\/api.w.org\/{rel}","templated":true}]}}