{"id":14612,"date":"2023-04-10T08:49:24","date_gmt":"2023-04-10T08:49:24","guid":{"rendered":"https:\/\/coterena.es\/shop\/?post_type=product&#038;p=14612"},"modified":"2023-04-10T08:51:19","modified_gmt":"2023-04-10T08:51:19","slug":"propulsion-revolutions-indicator-wartsila","status":"publish","type":"product","link":"https:\/\/coterena.es\/shop\/propulsion-revolutions-indicator-wartsila\/","title":{"rendered":"PROPULSION REVOLUTIONS INDICATOR W\u00c4RTSIL\u00c4"},"content":{"rendered":"<p>Propulsion speed indicator W\u00c4RTSIL\u00c4<\/p>\n<p>Article no.: 1911941<\/p>\n<p>Dimensions: 90X90mm<\/p>\n<p>Voltage: 24V<\/p>\n","protected":false},"excerpt":{"rendered":"<p>Propulsion speed indicator W\u00c4RTSIL\u00c4 Article no.: 1911941 Dimensions: 90X90mm Voltage: 24V<\/p>\n","protected":false},"featured_media":14604,"template":"","meta":[],"product_cat":[6267],"product_tag":[],"modelo":[],"acf":[],"lang":"en","translations":{"en":14612,"es":14602,"fr":14614},"pll_sync_post":[],"_links":{"self":[{"href":"https:\/\/coterena.es\/shop\/wp-json\/wp\/v2\/product\/14612"}],"collection":[{"href":"https:\/\/coterena.es\/shop\/wp-json\/wp\/v2\/product"}],"about":[{"href":"https:\/\/coterena.es\/shop\/wp-json\/wp\/v2\/types\/product"}],"wp:featuredmedia":[{"embeddable":true,"href":"https:\/\/coterena.es\/shop\/wp-json\/wp\/v2\/media\/14604"}],"wp:attachment":[{"href":"https:\/\/coterena.es\/shop\/wp-json\/wp\/v2\/media?parent=14612"}],"wp:term":[{"taxonomy":"product_cat","embeddable":true,"href":"https:\/\/coterena.es\/shop\/wp-json\/wp\/v2\/product_cat?post=14612"},{"taxonomy":"product_tag","embeddable":true,"href":"https:\/\/coterena.es\/shop\/wp-json\/wp\/v2\/product_tag?post=14612"},{"taxonomy":"modelo","embeddable":true,"href":"https:\/\/coterena.es\/shop\/wp-json\/wp\/v2\/modelo?post=14612"}],"curies":[{"name":"wp","href":"https:\/\/api.w.org\/{rel}","templated":true}]}}