{"id":16210,"date":"2023-05-03T05:52:07","date_gmt":"2023-05-03T05:52:07","guid":{"rendered":"https:\/\/coterena.es\/shop\/?post_type=product&#038;p=16210"},"modified":"2023-09-21T11:05:24","modified_gmt":"2023-09-21T11:05:24","slug":"demarreur-pneumatique-gali-a-25","status":"publish","type":"product","link":"https:\/\/coterena.es\/shop\/demarreur-pneumatique-gali-a-25\/","title":{"rendered":"D\u00e9marreur pneumatique Gal\u00ed A-25"},"content":{"rendered":"<p>D\u00e9marreur pneumatique Gal\u00ed A-25. Reaconditionn\u00e9<\/p>\n<p>Mod\u00e8le: A-25<\/p>\n<p>Num\u00e9ro de pi\u00e8ce: 76.18.062<\/p>\n","protected":false},"excerpt":{"rendered":"<p>D\u00e9marreur pneumatique Gal\u00ed A-25. Reaconditionn\u00e9 Mod\u00e8le: A-25 Num\u00e9ro de pi\u00e8ce: 76.18.062<\/p>\n","protected":false},"featured_media":16200,"template":"","meta":[],"product_cat":[6973,6273],"product_tag":[],"modelo":[],"acf":[],"lang":"fr","translations":{"fr":16210},"pll_sync_post":[],"_links":{"self":[{"href":"https:\/\/coterena.es\/shop\/wp-json\/wp\/v2\/product\/16210"}],"collection":[{"href":"https:\/\/coterena.es\/shop\/wp-json\/wp\/v2\/product"}],"about":[{"href":"https:\/\/coterena.es\/shop\/wp-json\/wp\/v2\/types\/product"}],"wp:featuredmedia":[{"embeddable":true,"href":"https:\/\/coterena.es\/shop\/wp-json\/wp\/v2\/media\/16200"}],"wp:attachment":[{"href":"https:\/\/coterena.es\/shop\/wp-json\/wp\/v2\/media?parent=16210"}],"wp:term":[{"taxonomy":"product_cat","embeddable":true,"href":"https:\/\/coterena.es\/shop\/wp-json\/wp\/v2\/product_cat?post=16210"},{"taxonomy":"product_tag","embeddable":true,"href":"https:\/\/coterena.es\/shop\/wp-json\/wp\/v2\/product_tag?post=16210"},{"taxonomy":"modelo","embeddable":true,"href":"https:\/\/coterena.es\/shop\/wp-json\/wp\/v2\/modelo?post=16210"}],"curies":[{"name":"wp","href":"https:\/\/api.w.org\/{rel}","templated":true}]}}