{"id":16265,"date":"2023-05-03T06:56:48","date_gmt":"2023-05-03T06:56:48","guid":{"rendered":"https:\/\/coterena.es\/shop\/?post_type=product&#038;p=16265"},"modified":"2023-09-21T08:39:23","modified_gmt":"2023-09-21T08:39:23","slug":"arbre-primaire-guascor","status":"publish","type":"product","link":"https:\/\/coterena.es\/shop\/arbre-primaire-guascor\/","title":{"rendered":"Arbre primaire Guascor"},"content":{"rendered":"<p>Arbre primaire Guascor. Reaconditionn\u00e9<\/p>\n<p>Num\u00e9ro de l`arbre primaire : 20.10.080 (comprend : arbre, r\u00e9f\u00e9rence 20.10.036 + engrenage, r\u00e9f\u00e9rence 20.10.037)<\/p>\n","protected":false},"excerpt":{"rendered":"<p>Arbre primaire Guascor. Reaconditionn\u00e9 Num\u00e9ro de l`arbre primaire : 20.10.080 (comprend : arbre, r\u00e9f\u00e9rence 20.10.036 + engrenage, r\u00e9f\u00e9rence 20.10.037)<\/p>\n","protected":false},"featured_media":16260,"template":"","meta":[],"product_cat":[7029,6277],"product_tag":[],"modelo":[],"acf":[],"lang":"fr","translations":{"fr":16265,"en":16264,"es":16257},"pll_sync_post":[],"_links":{"self":[{"href":"https:\/\/coterena.es\/shop\/wp-json\/wp\/v2\/product\/16265"}],"collection":[{"href":"https:\/\/coterena.es\/shop\/wp-json\/wp\/v2\/product"}],"about":[{"href":"https:\/\/coterena.es\/shop\/wp-json\/wp\/v2\/types\/product"}],"wp:featuredmedia":[{"embeddable":true,"href":"https:\/\/coterena.es\/shop\/wp-json\/wp\/v2\/media\/16260"}],"wp:attachment":[{"href":"https:\/\/coterena.es\/shop\/wp-json\/wp\/v2\/media?parent=16265"}],"wp:term":[{"taxonomy":"product_cat","embeddable":true,"href":"https:\/\/coterena.es\/shop\/wp-json\/wp\/v2\/product_cat?post=16265"},{"taxonomy":"product_tag","embeddable":true,"href":"https:\/\/coterena.es\/shop\/wp-json\/wp\/v2\/product_tag?post=16265"},{"taxonomy":"modelo","embeddable":true,"href":"https:\/\/coterena.es\/shop\/wp-json\/wp\/v2\/modelo?post=16265"}],"curies":[{"name":"wp","href":"https:\/\/api.w.org\/{rel}","templated":true}]}}