{"id":16393,"date":"2023-05-10T09:27:37","date_gmt":"2023-05-10T09:27:37","guid":{"rendered":"https:\/\/coterena.es\/shop\/?post_type=product&#038;p=16393"},"modified":"2023-09-21T07:26:17","modified_gmt":"2023-09-21T07:26:17","slug":"groupe-electrogene-auxiliaire-deutz-ctdw-220l","status":"publish","type":"product","link":"https:\/\/coterena.es\/shop\/groupe-electrogene-auxiliaire-deutz-ctdw-220l\/","title":{"rendered":"Groupe \u00e9letrog\u00e8ne auxiliare Deutz CTDW-220L"},"content":{"rendered":"<p>Groupe \u00e9lectrog\u00e8ne auxiliaire Deutz CTDW-220L. Nouveau<\/p>\n<p>Mod\u00e8le : CTDW-220L<\/p>\n<p>Puissance : 200\/220Kvas<\/p>\n<p>Moteur DEUTZ BF6M1013 FCP.<\/p>\n","protected":false},"excerpt":{"rendered":"<p>Groupe \u00e9lectrog\u00e8ne auxiliaire Deutz CTDW-220L. Nouveau Mod\u00e8le : CTDW-220L Puissance : 200\/220Kvas Moteur DEUTZ BF6M1013 FCP.<\/p>\n","protected":false},"featured_media":16396,"template":"","meta":[],"product_cat":[6273],"product_tag":[],"modelo":[],"acf":[],"lang":"fr","translations":{"fr":16393,"en":16391,"es":16375},"pll_sync_post":[],"_links":{"self":[{"href":"https:\/\/coterena.es\/shop\/wp-json\/wp\/v2\/product\/16393"}],"collection":[{"href":"https:\/\/coterena.es\/shop\/wp-json\/wp\/v2\/product"}],"about":[{"href":"https:\/\/coterena.es\/shop\/wp-json\/wp\/v2\/types\/product"}],"wp:featuredmedia":[{"embeddable":true,"href":"https:\/\/coterena.es\/shop\/wp-json\/wp\/v2\/media\/16396"}],"wp:attachment":[{"href":"https:\/\/coterena.es\/shop\/wp-json\/wp\/v2\/media?parent=16393"}],"wp:term":[{"taxonomy":"product_cat","embeddable":true,"href":"https:\/\/coterena.es\/shop\/wp-json\/wp\/v2\/product_cat?post=16393"},{"taxonomy":"product_tag","embeddable":true,"href":"https:\/\/coterena.es\/shop\/wp-json\/wp\/v2\/product_tag?post=16393"},{"taxonomy":"modelo","embeddable":true,"href":"https:\/\/coterena.es\/shop\/wp-json\/wp\/v2\/modelo?post=16393"}],"curies":[{"name":"wp","href":"https:\/\/api.w.org\/{rel}","templated":true}]}}