{"id":16792,"date":"2023-07-20T08:42:27","date_gmt":"2023-07-20T08:42:27","guid":{"rendered":"https:\/\/coterena.es\/shop\/?post_type=product&#038;p=16792"},"modified":"2023-07-21T07:13:43","modified_gmt":"2023-07-21T07:13:43","slug":"generateur-caterpillar-3508b-sr-4b-docassion","status":"publish","type":"product","link":"https:\/\/coterena.es\/shop\/generateur-caterpillar-3508b-sr-4b-docassion\/","title":{"rendered":"G\u00e9n\u00e9rateur Caterpillar 3508B SR-4B"},"content":{"rendered":"<p>G\u00e9n\u00e9rateur Caterpillar 3508B SR-4B. D\u00b4ocassion<\/p>\n<p>Mod\u00e8l: SR-4B<\/p>\n<p>Num\u00e9ro de pi\u00e8ce: 144-1756<\/p>\n","protected":false},"excerpt":{"rendered":"<p>G\u00e9n\u00e9rateur Caterpillar 3508B SR-4B. D\u00b4ocassion Mod\u00e8l: SR-4B Num\u00e9ro de pi\u00e8ce: 144-1756<\/p>\n","protected":false},"featured_media":16774,"template":"","meta":[],"product_cat":[6261],"product_tag":[],"modelo":[],"acf":[],"lang":"fr","translations":{"fr":16792,"en":16791,"es":16768},"pll_sync_post":[],"_links":{"self":[{"href":"https:\/\/coterena.es\/shop\/wp-json\/wp\/v2\/product\/16792"}],"collection":[{"href":"https:\/\/coterena.es\/shop\/wp-json\/wp\/v2\/product"}],"about":[{"href":"https:\/\/coterena.es\/shop\/wp-json\/wp\/v2\/types\/product"}],"wp:featuredmedia":[{"embeddable":true,"href":"https:\/\/coterena.es\/shop\/wp-json\/wp\/v2\/media\/16774"}],"wp:attachment":[{"href":"https:\/\/coterena.es\/shop\/wp-json\/wp\/v2\/media?parent=16792"}],"wp:term":[{"taxonomy":"product_cat","embeddable":true,"href":"https:\/\/coterena.es\/shop\/wp-json\/wp\/v2\/product_cat?post=16792"},{"taxonomy":"product_tag","embeddable":true,"href":"https:\/\/coterena.es\/shop\/wp-json\/wp\/v2\/product_tag?post=16792"},{"taxonomy":"modelo","embeddable":true,"href":"https:\/\/coterena.es\/shop\/wp-json\/wp\/v2\/modelo?post=16792"}],"curies":[{"name":"wp","href":"https:\/\/api.w.org\/{rel}","templated":true}]}}