{"id":16796,"date":"2023-07-20T07:31:45","date_gmt":"2023-07-20T07:31:45","guid":{"rendered":"https:\/\/coterena.es\/shop\/?post_type=product&#038;p=16796"},"modified":"2023-09-21T10:42:43","modified_gmt":"2023-09-21T10:42:43","slug":"separateur-alfa-laval-mopx-205","status":"publish","type":"product","link":"https:\/\/coterena.es\/shop\/separateur-alfa-laval-mopx-205\/","title":{"rendered":"S\u00e9parateur Alfa Laval MOPX 205"},"content":{"rendered":"<p>S\u00e9parateur Alfa Laval MOPX 205. Reaconditionn\u00e9<\/p>\n<p>Mod\u00e9le: MOPX 205<\/p>\n","protected":false},"excerpt":{"rendered":"<p>S\u00e9parateur Alfa Laval MOPX 205. Reaconditionn\u00e9 Mod\u00e9le: MOPX 205<\/p>\n","protected":false},"featured_media":16755,"template":"","meta":[],"product_cat":[6257],"product_tag":[],"modelo":[],"acf":[],"lang":"fr","translations":{"fr":16796,"en":16795,"es":16749},"pll_sync_post":[],"_links":{"self":[{"href":"https:\/\/coterena.es\/shop\/wp-json\/wp\/v2\/product\/16796"}],"collection":[{"href":"https:\/\/coterena.es\/shop\/wp-json\/wp\/v2\/product"}],"about":[{"href":"https:\/\/coterena.es\/shop\/wp-json\/wp\/v2\/types\/product"}],"wp:featuredmedia":[{"embeddable":true,"href":"https:\/\/coterena.es\/shop\/wp-json\/wp\/v2\/media\/16755"}],"wp:attachment":[{"href":"https:\/\/coterena.es\/shop\/wp-json\/wp\/v2\/media?parent=16796"}],"wp:term":[{"taxonomy":"product_cat","embeddable":true,"href":"https:\/\/coterena.es\/shop\/wp-json\/wp\/v2\/product_cat?post=16796"},{"taxonomy":"product_tag","embeddable":true,"href":"https:\/\/coterena.es\/shop\/wp-json\/wp\/v2\/product_tag?post=16796"},{"taxonomy":"modelo","embeddable":true,"href":"https:\/\/coterena.es\/shop\/wp-json\/wp\/v2\/modelo?post=16796"}],"curies":[{"name":"wp","href":"https:\/\/api.w.org\/{rel}","templated":true}]}}