{"id":16917,"date":"2023-08-23T08:25:01","date_gmt":"2023-08-23T08:25:01","guid":{"rendered":"https:\/\/coterena.es\/shop\/?post_type=product&#038;p=16917"},"modified":"2023-08-25T05:51:34","modified_gmt":"2023-08-25T05:51:34","slug":"refroidisseur-dair-caterpillar-282-8217","status":"publish","type":"product","link":"https:\/\/coterena.es\/shop\/refroidisseur-dair-caterpillar-282-8217\/","title":{"rendered":"Refroidisseur d\u00b4air Caterpillar 282-8217"},"content":{"rendered":"<p>Refroidisseur d&#8217;air Caterpillar 282-8217. Reconditionn\u00e9<\/p>\n<p>Refroidisseur d&#8217;air pour moteurs Caterpillar 3512.<\/p>\n<p>Num\u00e9ro de pi\u00e8ce: 282-8217<\/p>\n","protected":false},"excerpt":{"rendered":"<p>Refroidisseur d&#8217;air Caterpillar 282-8217. Reconditionn\u00e9 Refroidisseur d&#8217;air pour moteurs Caterpillar 3512. Num\u00e9ro de pi\u00e8ce: 282-8217<\/p>\n","protected":false},"featured_media":16871,"template":"","meta":[],"product_cat":[6917,6265],"product_tag":[],"modelo":[],"acf":[],"lang":"fr","translations":{"fr":16917,"en":16916,"es":16864},"pll_sync_post":[],"_links":{"self":[{"href":"https:\/\/coterena.es\/shop\/wp-json\/wp\/v2\/product\/16917"}],"collection":[{"href":"https:\/\/coterena.es\/shop\/wp-json\/wp\/v2\/product"}],"about":[{"href":"https:\/\/coterena.es\/shop\/wp-json\/wp\/v2\/types\/product"}],"wp:featuredmedia":[{"embeddable":true,"href":"https:\/\/coterena.es\/shop\/wp-json\/wp\/v2\/media\/16871"}],"wp:attachment":[{"href":"https:\/\/coterena.es\/shop\/wp-json\/wp\/v2\/media?parent=16917"}],"wp:term":[{"taxonomy":"product_cat","embeddable":true,"href":"https:\/\/coterena.es\/shop\/wp-json\/wp\/v2\/product_cat?post=16917"},{"taxonomy":"product_tag","embeddable":true,"href":"https:\/\/coterena.es\/shop\/wp-json\/wp\/v2\/product_tag?post=16917"},{"taxonomy":"modelo","embeddable":true,"href":"https:\/\/coterena.es\/shop\/wp-json\/wp\/v2\/modelo?post=16917"}],"curies":[{"name":"wp","href":"https:\/\/api.w.org\/{rel}","templated":true}]}}