{"id":16919,"date":"2023-08-24T05:28:24","date_gmt":"2023-08-24T05:28:24","guid":{"rendered":"https:\/\/coterena.es\/shop\/?post_type=product&#038;p=16919"},"modified":"2023-08-25T05:59:57","modified_gmt":"2023-08-25T05:59:57","slug":"bielle-caterpillar-161-2500","status":"publish","type":"product","link":"https:\/\/coterena.es\/shop\/bielle-caterpillar-161-2500\/","title":{"rendered":"Bielle Caterpillar 161-2500"},"content":{"rendered":"<p>Bielle Caterpillar 161-2500. Reconditionn\u00e9<\/p>\n<p>Bielle Caterpillar 161-2500 pour moteurs CAT 3500B.<\/p>\n<p>Num\u00e9ro de pi\u00e8ce : 161-2500<\/p>\n","protected":false},"excerpt":{"rendered":"<p>Bielle Caterpillar 161-2500. Reconditionn\u00e9 Bielle Caterpillar 161-2500 pour moteurs CAT 3500B. Num\u00e9ro de pi\u00e8ce : 161-2500<\/p>\n","protected":false},"featured_media":16907,"template":"","meta":[],"product_cat":[6273,6281],"product_tag":[],"modelo":[],"acf":[],"lang":"fr","translations":{"fr":16919,"en":16918,"es":16904},"pll_sync_post":[],"_links":{"self":[{"href":"https:\/\/coterena.es\/shop\/wp-json\/wp\/v2\/product\/16919"}],"collection":[{"href":"https:\/\/coterena.es\/shop\/wp-json\/wp\/v2\/product"}],"about":[{"href":"https:\/\/coterena.es\/shop\/wp-json\/wp\/v2\/types\/product"}],"wp:featuredmedia":[{"embeddable":true,"href":"https:\/\/coterena.es\/shop\/wp-json\/wp\/v2\/media\/16907"}],"wp:attachment":[{"href":"https:\/\/coterena.es\/shop\/wp-json\/wp\/v2\/media?parent=16919"}],"wp:term":[{"taxonomy":"product_cat","embeddable":true,"href":"https:\/\/coterena.es\/shop\/wp-json\/wp\/v2\/product_cat?post=16919"},{"taxonomy":"product_tag","embeddable":true,"href":"https:\/\/coterena.es\/shop\/wp-json\/wp\/v2\/product_tag?post=16919"},{"taxonomy":"modelo","embeddable":true,"href":"https:\/\/coterena.es\/shop\/wp-json\/wp\/v2\/modelo?post=16919"}],"curies":[{"name":"wp","href":"https:\/\/api.w.org\/{rel}","templated":true}]}}