{"id":16923,"date":"2023-08-23T08:48:53","date_gmt":"2023-08-23T08:48:53","guid":{"rendered":"https:\/\/coterena.es\/shop\/?post_type=product&#038;p=16923"},"modified":"2023-09-05T05:32:37","modified_gmt":"2023-09-05T05:32:37","slug":"boitier-de-thermostat-basse-temperature-caterpillar-7e-4711","status":"publish","type":"product","link":"https:\/\/coterena.es\/shop\/boitier-de-thermostat-basse-temperature-caterpillar-7e-4711\/","title":{"rendered":"B\u00f4tier de thermostat basse temp\u00e9rature Caterpillar 7E-4711"},"content":{"rendered":"<p>Bo\u00eetier de thermostat basse temp\u00e9rature Caterpillar 7E-4711. Reconditionn\u00e9<\/p>\n<p>Bo\u00eetier de thermostat basse temp\u00e9rature pour moteurs Caterpillar 3512.<\/p>\n<p>Num\u00e9ro de pi\u00e8ce : 7E-4711<\/p>\n<p>Comprend les r\u00e9f\u00e9rences 7E-3471 et 7E-3472<\/p>\n","protected":false},"excerpt":{"rendered":"<p>Bo\u00eetier de thermostat basse temp\u00e9rature Caterpillar 7E-4711. Reconditionn\u00e9 Bo\u00eetier de thermostat basse temp\u00e9rature pour moteurs Caterpillar 3512. Num\u00e9ro de pi\u00e8ce : 7E-4711 Comprend les r\u00e9f\u00e9rences 7E-3471 et 7E-3472<\/p>\n","protected":false},"featured_media":16900,"template":"","meta":[],"product_cat":[6281],"product_tag":[],"modelo":[],"acf":[],"lang":"fr","translations":{"fr":16923,"en":16922,"es":16891},"pll_sync_post":[],"_links":{"self":[{"href":"https:\/\/coterena.es\/shop\/wp-json\/wp\/v2\/product\/16923"}],"collection":[{"href":"https:\/\/coterena.es\/shop\/wp-json\/wp\/v2\/product"}],"about":[{"href":"https:\/\/coterena.es\/shop\/wp-json\/wp\/v2\/types\/product"}],"wp:featuredmedia":[{"embeddable":true,"href":"https:\/\/coterena.es\/shop\/wp-json\/wp\/v2\/media\/16900"}],"wp:attachment":[{"href":"https:\/\/coterena.es\/shop\/wp-json\/wp\/v2\/media?parent=16923"}],"wp:term":[{"taxonomy":"product_cat","embeddable":true,"href":"https:\/\/coterena.es\/shop\/wp-json\/wp\/v2\/product_cat?post=16923"},{"taxonomy":"product_tag","embeddable":true,"href":"https:\/\/coterena.es\/shop\/wp-json\/wp\/v2\/product_tag?post=16923"},{"taxonomy":"modelo","embeddable":true,"href":"https:\/\/coterena.es\/shop\/wp-json\/wp\/v2\/modelo?post=16923"}],"curies":[{"name":"wp","href":"https:\/\/api.w.org\/{rel}","templated":true}]}}